{"id":968,"date":"2023-08-05T22:03:52","date_gmt":"2023-08-06T03:03:52","guid":{"rendered":"https:\/\/villagringo.com\/?page_id=968"},"modified":"2023-08-29T09:09:20","modified_gmt":"2023-08-29T14:09:20","slug":"privacy","status":"publish","type":"page","link":"https:\/\/villagringo.com\/es\/privacy\/","title":{"rendered":"Pol\u00edtica de privacidad"},"content":{"rendered":"<p><em>\u00daltima actualizaci\u00f3n: 29 de agosto de 2023<\/em><\/p>\n\n\n\n<p>Villa Gringo Paradise (\"nosotros\" o \"nuestro\") opera el sitio web Villa Gringo Paradise (el \"Servicio\").<\/p>\n\n\n\n<p>Esta p\u00e1gina le informa de nuestras pol\u00edticas relativas a la recogida, uso y divulgaci\u00f3n de Datos Personales cuando utiliza nuestro Servicio.<\/p>\n\n\n\n<p>No utilizaremos ni compartiremos su informaci\u00f3n con nadie excepto en los casos descritos en esta Pol\u00edtica de privacidad.<\/p>\n\n\n\n<p>Utilizamos su Informaci\u00f3n Personal para proporcionar y mejorar el Servicio. Al utilizar el Servicio, usted acepta la recopilaci\u00f3n y el uso de la informaci\u00f3n de acuerdo con esta pol\u00edtica. Salvo que se definan de otro modo en esta Pol\u00edtica de Privacidad, los t\u00e9rminos utilizados en ella tienen el mismo significado que en nuestras Condiciones Generales, accesibles en <a href=\"https:\/\/villagringo.com\/es\/terms\/\">villagringo.com\/terms<\/a>.<\/p>\n\n\n\n<h4 class=\"wp-block-heading\">RECOGIDA Y USO DE LA INFORMACI\u00d3N<\/h4>\n\n\n\n<p>Al utilizar nuestro Servicio, es posible que le pidamos que nos proporcione cierta informaci\u00f3n de identificaci\u00f3n personal que pueda utilizarse para ponernos en contacto con usted o identificarle. La informaci\u00f3n de identificaci\u00f3n personal (\"Informaci\u00f3n Personal\") puede incluir, pero no est\u00e1 limitada a:<\/p>\n\n\n\n<p>- Nombre y apellidos<br>- Direcci\u00f3n de correo electr\u00f3nico<br>- N\u00famero de tel\u00e9fono<br>- Direcci\u00f3n<br>- Direcci\u00f3n de env\u00edo y facturaci\u00f3n<\/p>\n\n\n\n<h4 class=\"wp-block-heading\">INFORMACI\u00d3N SENSIBLE<\/h4>\n\n\n\n<p>No procesamos informaci\u00f3n sensible.<\/p>\n\n\n\n<p>Podemos recopilar los datos necesarios para procesar su pago si realiza compras, como su n\u00famero de instrumento de pago y el c\u00f3digo de seguridad asociado a su instrumento de pago. Todos los datos de pago son almacenados por Stripe. Puede encontrar el enlace a su aviso de privacidad aqu\u00ed: <a href=\"https:\/\/stripe.com\/privacy\">stripe.com\/privacy<\/a><\/p>\n\n\n\n<p>Toda la informaci\u00f3n personal que nos proporcione debe ser verdadera, completa y exacta, y debe notificarnos cualquier cambio en dicha informaci\u00f3n personal.<\/p>\n\n\n\n<h4 class=\"wp-block-heading\">DATOS DE REGISTRO<\/h4>\n\n\n\n<p>Recopilamos la informaci\u00f3n que su navegador env\u00eda cada vez que visita nuestro Servicio (\"Datos de registro\"). Estos Datos de Registro pueden incluir informaci\u00f3n como la direcci\u00f3n de Protocolo de Internet (\"IP\") de su ordenador, el tipo de navegador, la versi\u00f3n del navegador, las p\u00e1ginas de nuestro Servicio que visita, la hora y la fecha de su visita, el tiempo empleado en esas p\u00e1ginas y otras estad\u00edsticas.<\/p>\n\n\n\n<h4 class=\"wp-block-heading\">COOKIES<\/h4>\n\n\n\n<p>Las cookies son archivos con peque\u00f1as cantidades de datos, que pueden incluir un identificador \u00fanico an\u00f3nimo. Las cookies se env\u00edan a su navegador desde un sitio web y se almacenan en el disco duro de su ordenador.<\/p>\n\n\n\n<p>Utilizamos \"cookies\" para recoger informaci\u00f3n. Puede configurar su navegador para que rechace todas las cookies o para que le indique cu\u00e1ndo se env\u00eda una cookie. Sin embargo, si no acepta las cookies, es posible que no pueda utilizar algunas partes de nuestro Servicio.<\/p>\n\n\n\n<h4 class=\"wp-block-heading\">PROVEEDORES DE SERVICIOS<\/h4>\n\n\n\n<p>Podemos emplear a terceras empresas y particulares para facilitar nuestro Servicio, prestar el Servicio en nuestro nombre, realizar servicios relacionados con el Servicio o ayudarnos a analizar c\u00f3mo se utiliza nuestro Servicio.<\/p>\n\n\n\n<p>Estos terceros s\u00f3lo tienen acceso a sus Datos Personales para realizar estas tareas en nuestro nombre y est\u00e1n obligados a no divulgarlos ni utilizarlos para ning\u00fan otro fin.<\/p>\n\n\n\n<h4 class=\"wp-block-heading\">SEGURIDAD<\/h4>\n\n\n\n<p>Hemos implementado medidas de seguridad t\u00e9cnicas y organizativas adecuadas y razonables dise\u00f1adas para proteger la seguridad de cualquier informaci\u00f3n personal que procesemos. Sin embargo, a pesar de nuestras salvaguardas y esfuerzos por asegurar su informaci\u00f3n, no se puede garantizar que ninguna transmisi\u00f3n electr\u00f3nica por Internet o tecnolog\u00eda de almacenamiento de informaci\u00f3n sea 100% segura, por lo que no podemos prometer ni garantizar que piratas inform\u00e1ticos, delincuentes cibern\u00e9ticos u otros terceros no autorizados no puedan burlar nuestra seguridad y recopilar, acceder, robar o modificar indebidamente su informaci\u00f3n. Aunque haremos todo lo posible para proteger su informaci\u00f3n personal, la transmisi\u00f3n de informaci\u00f3n personal hacia y desde nuestros Servicios corre por su cuenta y riesgo. S\u00f3lo debe acceder a los Servicios dentro de un entorno seguro.<\/p>\n\n\n\n<h4 class=\"wp-block-heading\">ENLACES A OTROS SITIOS<\/h4>\n\n\n\n<p>Nuestro Servicio puede contener enlaces a otros sitios que no son operados por nosotros. Si hace clic en un enlace de terceros, ser\u00e1 dirigido al sitio de ese tercero. Le recomendamos encarecidamente que revise la Pol\u00edtica de Privacidad de cada sitio que visite.<\/p>\n\n\n\n<p>No tenemos ning\u00fan control ni asumimos ninguna responsabilidad por el contenido, las pol\u00edticas de privacidad o las pr\u00e1cticas de los sitios o servicios de terceros.<\/p>\n\n\n\n<h4 class=\"wp-block-heading\">INTIMIDAD DE LOS NI\u00d1OS<\/h4>\n\n\n\n<p>Nuestro Servicio no se dirige a menores de 18 a\u00f1os (\"Ni\u00f1os\").<\/p>\n\n\n\n<p>No recopilamos conscientemente informaci\u00f3n personal identificable de menores de 18 a\u00f1os. Si usted es padre o tutor y tiene conocimiento de que su hijo nos ha proporcionado Datos Personales, p\u00f3ngase en contacto con nosotros. Si descubrimos que un menor de 18 a\u00f1os nos ha proporcionado Informaci\u00f3n Personal, borraremos dicha informaci\u00f3n de nuestros servidores inmediatamente.<\/p>\n\n\n\n<h4 class=\"wp-block-heading\">CUMPLIMIENTO DE LA LEGISLACI\u00d3N<\/h4>\n\n\n\n<p>Divulgaremos sus Datos Personales cuando as\u00ed lo exija la ley o una citaci\u00f3n judicial.<\/p>\n\n\n\n<h4 class=\"wp-block-heading\">CAMBIOS EN ESTA POL\u00cdTICA DE PRIVACIDAD<\/h4>\n\n\n\n<p>Podemos actualizar nuestra Pol\u00edtica de Privacidad de vez en cuando sin previo aviso. Le aconsejamos que revise peri\u00f3dicamente esta Pol\u00edtica de Privacidad para comprobar si se han producido cambios. Las modificaciones de esta Pol\u00edtica de Privacidad entrar\u00e1n en vigor cuando se publiquen en esta p\u00e1gina.<\/p>\n\n\n\n<h4 class=\"wp-block-heading\">CONTACTO<\/h4>\n\n\n\n<p>Si tiene alguna pregunta sobre esta Pol\u00edtica de Privacidad, por favor\u00a0<a href=\"https:\/\/villagringo.com\/es\/contact\/\" target=\"_blank\" rel=\"noreferrer noopener\">Contacto<\/a>.<\/p>","protected":false},"excerpt":{"rendered":"<p>Last Updated:\u00a0August 29, 2023 Villa Gringo Paradise (\u201cus\u201d, \u201cwe\u201d, or \u201cour\u201d) operates the Villa Gringo Paradise website (the \u201cService\u201d). This page informs you of our policies regarding the collection, use and disclosure of Personal Information when you use our Service. We will not use or share your information with anyone except as described in this [&hellip;]<\/p>\n","protected":false},"author":1,"featured_media":0,"parent":0,"menu_order":0,"comment_status":"closed","ping_status":"closed","template":"","meta":{"footnotes":""},"class_list":["post-968","page","type-page","status-publish","hentry"],"_links":{"self":[{"href":"https:\/\/villagringo.com\/es\/wp-json\/wp\/v2\/pages\/968","targetHints":{"allow":["GET"]}}],"collection":[{"href":"https:\/\/villagringo.com\/es\/wp-json\/wp\/v2\/pages"}],"about":[{"href":"https:\/\/villagringo.com\/es\/wp-json\/wp\/v2\/types\/page"}],"author":[{"embeddable":true,"href":"https:\/\/villagringo.com\/es\/wp-json\/wp\/v2\/users\/1"}],"replies":[{"embeddable":true,"href":"https:\/\/villagringo.com\/es\/wp-json\/wp\/v2\/comments?post=968"}],"version-history":[{"count":0,"href":"https:\/\/villagringo.com\/es\/wp-json\/wp\/v2\/pages\/968\/revisions"}],"wp:attachment":[{"href":"https:\/\/villagringo.com\/es\/wp-json\/wp\/v2\/media?parent=968"}],"curies":[{"name":"wp","href":"https:\/\/api.w.org\/{rel}","templated":true}]}}