{"id":985,"date":"2023-08-05T22:11:23","date_gmt":"2023-08-06T03:11:23","guid":{"rendered":"https:\/\/villagringo.com\/?page_id=985"},"modified":"2023-08-29T09:19:39","modified_gmt":"2023-08-29T14:19:39","slug":"terms-conditions","status":"publish","type":"page","link":"https:\/\/villagringo.com\/es\/terms-conditions\/","title":{"rendered":"Condiciones generales"},"content":{"rendered":"<p><em>Actualizado el 29 de agosto de 2023<\/em><\/p>\n\n\n\n<p>Este sitio web es operado por Villa Gringo Paradise en nombre propio, de las empresas de nuestro grupo, sociedades internacionales y organizaciones afiliadas (\"nosotros\", \"nuestro\" o \"nos\").<\/p>\n\n\n\n<h4 class=\"wp-block-heading\">ACEPTACI\u00d3N DE LAS CONDICIONES<\/h4>\n\n\n\n<p>Los siguientes t\u00e9rminos y condiciones (\"T\u00e9rminos y Condiciones\") rigen su acceso y uso de este sitio web y las aplicaciones m\u00f3viles relacionadas proporcionadas por nosotros, incluyendo cualquier contenido y servicios ofrecidos en o a trav\u00e9s de este sitio web y\/o las aplicaciones (denominados colectivamente el \"Sitio Web\"). Al utilizar el Sitio Web, usted acepta y se compromete a seguir estas Condiciones Generales y nuestra Pol\u00edtica de Privacidad, que se encuentra en <a href=\"https:\/\/villagringo.com\/es\/privacy\/\">villagringo.com\/privacidad<\/a>. Si no est\u00e1 de acuerdo con estos T\u00e9rminos y Condiciones o con la Pol\u00edtica de Privacidad, no debe acceder ni utilizar el Sitio Web.<\/p>\n\n\n\n<h4 class=\"wp-block-heading\">INFORMACI\u00d3N SOBRE USTED Y SU USO DEL SITIO WEB<\/h4>\n\n\n\n<p>Al utilizar el sitio web, usted da su consentimiento para que utilicemos su informaci\u00f3n de conformidad con la Pol\u00edtica de Privacidad. No le notificaremos dichas modificaciones o actualizaciones.<\/p>\n\n\n\n<h4 class=\"wp-block-heading\">MODIFICACI\u00d3N DEL SITIO WEB<\/h4>\n\n\n\n<p>Podemos modificar o actualizar el contenido de este sitio web de vez en cuando, pero su contenido puede no estar completo o actualizado en un momento dado.<\/p>\n\n\n\n<h4 class=\"wp-block-heading\">PROPIEDAD Y USO DEL SITIO WEB Y DE LA INFORMACI\u00d3N<\/h4>\n\n\n\n<p>Todos los derechos, t\u00edtulos e intereses con respecto al Sitio Web, incluyendo sin limitaci\u00f3n, la informaci\u00f3n, productos, materiales, software y servicios contenidos en el mismo o de otro modo proporcionados por el mismo (colectivamente, la \"Informaci\u00f3n\") y todas las marcas comerciales, nombres comerciales, logotipos, marcas de servicio, encabezados de p\u00e1gina, scripts e iconos de botones (colectivamente \"Propiedad Intelectual\") son propiedad de y propiedad de Villa Gringo Paradise y est\u00e1n protegidos por derechos de autor, marcas registradas y otras leyes. Salvo que se disponga expresamente lo contrario, no se le transfiere a usted ning\u00fan derecho, t\u00edtulo o inter\u00e9s sobre el Sitio Web, la Informaci\u00f3n o la Propiedad Intelectual. Excepto para su uso personal y no comercial como se autoriza a continuaci\u00f3n, nada de lo contenido en estos T\u00e9rminos o en el Sitio Web debe interpretarse como una concesi\u00f3n, por implicaci\u00f3n, impedimento, o de otro modo, de cualquier licencia o derecho a copiar, imitar o utilizar, en su totalidad o en parte, la Propiedad Intelectual o la Informaci\u00f3n, sin el permiso expreso por escrito de Villa Gringo Paradise. Queda terminantemente prohibida la copia o utilizaci\u00f3n no autorizada de cualquier Propiedad Intelectual o Informaci\u00f3n. Villa Gringo Paradise podr\u00e1 modificar el Sitio Web y\/o la Informaci\u00f3n en cualquier momento y sin previo aviso, as\u00ed como denegar o limitar el acceso al Sitio Web y\/o a la Informaci\u00f3n, incluyendo, sin limitaci\u00f3n, si Villa Gringo Paradise tiene conocimiento o sospecha del incumplimiento por su parte de estas Condiciones.<\/p>\n\n\n\n<p>Con sujeci\u00f3n a las presentes Condiciones, Villa Gringo Paradise le concede por la presente un derecho limitado, no exclusivo, revocable, no cedible, no transferible y no sublicenciable a utilizar el Sitio Web y la Informaci\u00f3n \u00fanicamente para uso personal y no comercial que sea l\u00edcito y de conformidad con las presentes Condiciones. Queda prohibido cualquier otro uso, incluida la divulgaci\u00f3n, copia, distribuci\u00f3n y enlace (incluidos el scraping, framing y deeplinking). Todos los derechos no concedidos expresamente en estas Condiciones quedan reservados y retenidos por Villa Gringo Paradise.<\/p>\n\n\n\n<p>Al acceder y utilizar el Sitio Web, usted se compromete a utilizar el Sitio Web, la Informaci\u00f3n y las funciones asociadas al mismo de conformidad con las presentes Condiciones y con todas las leyes, normas y reglamentos aplicables, y se compromete adem\u00e1s a no:<\/p>\n\n\n\n<ol class=\"wp-block-list\">\n<li>Utilizar la Informaci\u00f3n por cualquier motivo que no sea el uso personal y no comercial sin el consentimiento expreso por escrito de Villa Gringo Paradise. Esto incluye copiar, descargar, editar, fotografiar, almacenar, transmitir, reproducir, distribuir, crear trabajos derivados o publicar la Informaci\u00f3n o Propiedad Intelectual para uso comercial, p\u00fablico u otro uso no autorizado; o de otra manera intentar redistribuir, reutilizar o modificar la Informaci\u00f3n para cualquier prop\u00f3sito sin el permiso expreso por escrito de Villa Gringo Paradise.<\/li>\n\n\n\n<li>Lance, transmita, distribuya, promocione o ponga a disposici\u00f3n de cualquier otra forma material de cualquier tipo que contenga, sin limitaci\u00f3n, virus o cualquier otro c\u00f3digo inform\u00e1tico o archivo o programa dise\u00f1ado para interrumpir o destruir o limitar la funcionalidad de cualquier software o hardware inform\u00e1tico u otro equipo asociado al Sitio web, un troyano, bombas de relojer\u00eda, \"ara\u00f1as\", gusanos, spyware, bots, \"lectores offline\", cualquier uso automatizado del sistema, como scripts, u otro componente da\u00f1ino; o interfiera, limite o interrumpa el Sitio web, su funcionalidad, o los servidores o redes conectados al Sitio web; o desobedezca cualquier requisito, procedimiento, pol\u00edtica o normativa de las redes conectadas al Sitio web.<\/li>\n\n\n\n<li>Cometer conductas que constituyan un delito penal, den lugar a responsabilidad civil o infrinjan de otro modo cualquier ley local, estatal, nacional o internacional, o poner a disposici\u00f3n cualquier material que explote o perjudique a cualquier individuo, corporaci\u00f3n u otra entidad.<\/li>\n\n\n\n<li>Alquilar, arrendar, prestar o vender el acceso al Sitio Web a terceros.<\/li>\n\n\n\n<li>Realizar ingenier\u00eda inversa o intentar de cualquier otro modo obtener acceso no autorizado a las redes o servidores inform\u00e1ticos de Villa Gringo Paradise, al Sitio Web o a cualquier Informaci\u00f3n, contenido o datos asociados al mismo.<\/li>\n<\/ol>\n\n\n\n<p>Villa Gringo Paradise no garantiza que los materiales contenidos en el Sitio Web o los productos descritos u ofrecidos en el Sitio Web sean apropiados o est\u00e9n disponibles para su uso fuera de sus jurisdicciones pertinentes. Los visitantes que utilicen el Sitio Web y residan fuera de las jurisdicciones pertinentes lo hacen por iniciativa propia y son responsables del cumplimiento de todas las leyes, en la medida en que las leyes locales sean aplicables. Usted acepta que no acceder\u00e1 al Sitio Web desde ning\u00fan territorio donde su contenido sea ilegal, y que usted, y no Villa Gringo Paradise y sus Partes Afiliadas, es responsable del cumplimiento de las leyes locales aplicables.<\/p>\n\n\n\n<p>Los T\u00e9rminos y Condiciones del Sitio Web son efectivos a menos y hasta que sean rescindidos por usted o por Villa Gringo Paradise. Usted puede rescindir este Acuerdo en cualquier momento, siempre que deje de utilizar el Sitio Web. Villa Gringo Paradise tambi\u00e9n puede terminar o suspender estos T\u00e9rminos y Condiciones del Sitio Web, en cualquier momento, sin previo aviso, y en consecuencia negarle el acceso al Sitio Web, por cualquier raz\u00f3n, incluyendo sin limitaci\u00f3n, si a la sola discreci\u00f3n de Villa Gringo Paradise usted no cumple con cualquier t\u00e9rmino o disposici\u00f3n de estos T\u00e9rminos y Condiciones del Sitio Web o su uso es perjudicial para los intereses de otro usuario o de Villa Gringo Paradise y sus Partes Afiliadas.<\/p>\n\n\n\n<p>La presente secci\u00f3n seguir\u00e1 vigente tras la rescisi\u00f3n de las presentes Condiciones del sitio web.<\/p>\n\n\n\n<h4 class=\"wp-block-heading\">EXACTITUD Y CONFIANZA EN LA INFORMACI\u00d3N DEL SITIO WEB<\/h4>\n\n\n\n<p>La informaci\u00f3n presentada en el sitio web o a trav\u00e9s de \u00e9l se facilita \u00fanicamente con fines de informaci\u00f3n general.<\/p>\n\n\n\n<p>No garantizamos la exactitud ni la exhaustividad de esta informaci\u00f3n, y declinamos toda responsabilidad derivada de la confianza depositada en ella.<\/p>\n\n\n\n<p>Este Sitio Web puede incluir contenidos proporcionados por terceros. Todas las declaraciones y opiniones de dichos terceros son responsabilidad exclusiva de la persona que proporciona dichos materiales y no reflejan necesariamente la opini\u00f3n de Villa Gringo Paradise.<\/p>\n\n\n\n<h4 class=\"wp-block-heading\">ENLACES DESDE EL SITIO WEB<\/h4>\n\n\n\n<p>Si el sitio web contiene enlaces a otros sitios y recursos proporcionados por terceros, estos enlaces se proporcionan \u00fanicamente para su comodidad. No tenemos ning\u00fan control sobre el contenido de esos sitios o recursos, y no somos responsables de ellos ni de ninguna p\u00e9rdida o da\u00f1o que pueda derivarse de su uso. Si decide acceder a cualquiera de los sitios web de terceros vinculados a este sitio web, lo har\u00e1 por su cuenta y riesgo y estar\u00e1 sujeto a los t\u00e9rminos y condiciones de uso de dichos sitios web.<\/p>\n\n\n\n<h4 class=\"wp-block-heading\">EXCLUSI\u00d3N DE GARANT\u00cdAS<\/h4>\n\n\n\n<p>EL USO QUE USTED HAGA DEL SITIO WEB, DE SU CONTENIDO Y DE CUALQUIER SERVICIO O ART\u00cdCULO OBTENIDO A TRAV\u00c9S DEL SITIO WEB CORRE POR SU CUENTA Y RIESGO. EL SITIO WEB, SU CONTENIDO Y CUALQUIER SERVICIO OBTENIDO A TRAV\u00c9S DEL SITIO WEB SE PROPORCIONAN \"TAL CUAL\", SIN GARANT\u00cdAS DE NING\u00daN TIPO, YA SEAN EXPRESAS O IMPL\u00cdCITAS. NI HENRY DE LA PAZ NI NINGUNA PERSONA ASOCIADA A VILLA GRINGO PARADISE GARANTIZAN QUE EL SITIO WEB, SU CONTENIDO O LOS SERVICIOS O ART\u00cdCULOS OBTENIDOS A TRAV\u00c9S DEL SITIO WEB SEAN PRECISOS, FIABLES, EST\u00c9N LIBRES DE ERRORES O SEAN ININTERRUMPIDOS, QUE LOS DEFECTOS SE CORRIJAN O QUE EL SITIO WEB O EL SERVIDOR QUE LO PONE A DISPOSICI\u00d3N EST\u00c9N LIBRES DE VIRUS U OTROS COMPONENTES DA\u00d1INOS.<\/p>\n\n\n\n<p>VILLA GRINGO PARADISE RECHAZA TODAS LAS GARANT\u00cdAS DE CUALQUIER TIPO, YA SEAN EXPRESAS O IMPL\u00cdCITAS, LEGALES O DE OTRO TIPO, INCLUIDAS, ENTRE OTRAS, LAS GARANT\u00cdAS DE COMERCIABILIDAD, NO INFRACCI\u00d3N E IDONEIDAD PARA UN FIN DETERMINADO.<\/p>\n\n\n\n<p>ESTAS EXENCIONES DE RESPONSABILIDAD NO AFECTAN A NINGUNA GARANT\u00cdA QUE NO PUEDA EXCLUIRSE O LIMITARSE EN VIRTUD DE LA LEGISLACI\u00d3N APLICABLE.<\/p>\n\n\n\n<h4 class=\"wp-block-heading\">LIMITACI\u00d3N DE RESPONSABILIDAD<\/h4>\n\n\n\n<p>EN NING\u00daN CASO VILLA GRINGO PARADSIE O CUALQUIER PERSONA ASOCIADA CON VILLA GRINGO PARADISE SER\u00c1 RESPONSABLE POR DA\u00d1OS DE NING\u00daN TIPO, BAJO NINGUNA TEOR\u00cdA LEGAL, QUE SURJAN DE O EN CONEXI\u00d3N CON SU USO, O INCAPACIDAD PARA USAR, EL SITIO WEB, CUALQUIER SITIO WEB VINCULADO A \u00c9L, CUALQUIER CONTENIDO EN EL SITIO WEB O EN OTROS SITIOS WEB O CUALQUIER SERVICIO OBTENIDO A TRAV\u00c9S DEL SITIO WEB O DE OTROS SITIOS WEB, INCLUYENDO CUALQUIER DA\u00d1O DIRECTO, INDIRECTO, ESPECIAL, INCIDENTAL, CONSECUENTE O PUNITIVO, INCLUYENDO P\u00c9RDIDA DE INGRESOS, P\u00c9RDIDA DE BENEFICIOS, P\u00c9RDIDA DE NEGOCIO O AHORROS ANTICIPADOS, P\u00c9RDIDA DE USO, P\u00c9RDIDA DE FONDO DE COMERCIO O P\u00c9RDIDA DE DATOS.<\/p>\n\n\n\n<p>ESTAS LIMITACIONES NO AFECTAN A NINGUNA RESPONSABILIDAD QUE NO PUEDA EXCLUIRSE O LIMITARSE EN VIRTUD DE LA LEGISLACI\u00d3N APLICABLE.<\/p>\n\n\n\n<h4 class=\"wp-block-heading\">INDEMNIZACI\u00d3N<\/h4>\n\n\n\n<p>Usted se compromete a defender, indemnizar y mantener indemne a Villa Gringo Paradise y sus filiales, y a sus respectivos funcionarios, directores, empleados, contratistas, agentes, licenciantes, sucesores y cesionarios de y contra cualquier reclamaci\u00f3n, responsabilidad, da\u00f1os, sentencias, premios, p\u00e9rdidas, costos, gastos u honorarios (incluyendo honorarios razonables de abogados y otros costos legales) que surjan de o en conexi\u00f3n con su violaci\u00f3n de estos T\u00e9rminos y Condiciones o su uso de cualquier informaci\u00f3n obtenida del Sitio Web.<\/p>\n\n\n\n<h4 class=\"wp-block-heading\">RENUNCIA Y DIVISIBILIDAD<\/h4>\n\n\n\n<p>Ninguna renuncia por parte de Villa Gringo Paradise a cualquier t\u00e9rmino o condici\u00f3n establecido en estos T\u00e9rminos y Condiciones se considerar\u00e1 una renuncia posterior o continua de dicho t\u00e9rmino o condici\u00f3n o una renuncia a cualquier otro t\u00e9rmino o condici\u00f3n, y cualquier incumplimiento por parte de Villa Gringo Paradise de hacer valer un derecho o disposici\u00f3n en virtud de estos T\u00e9rminos y Condiciones no constituir\u00e1 una renuncia a dicho derecho o disposici\u00f3n.<\/p>\n\n\n\n<p>Si alguna disposici\u00f3n de estas Condiciones Generales fuera declarada inv\u00e1lida, ilegal o inaplicable por cualquier motivo por un tribunal competente, dicha disposici\u00f3n se eliminar\u00e1 o limitar\u00e1 en la menor medida posible, de modo que el resto de las disposiciones de las Condiciones Generales sigan teniendo plena vigencia y efecto.<\/p>\n\n\n\n<h4 class=\"wp-block-heading\">ADVERTENCIAS SOBRE LAS DECLARACIONES PROSPECTIVAS<\/h4>\n\n\n\n<p>Este sitio web puede contener \"declaraciones prospectivas\", tal y como se definen en las leyes federales de valores de Estados Unidos. Estas afirmaciones pueden referirse a an\u00e1lisis y otra informaci\u00f3n basada en previsiones de resultados futuros y estimaciones de importes a\u00fan no determinables. Estas declaraciones tambi\u00e9n pueden referirse a nuestras perspectivas futuras, desarrollos y estrategias empresariales. Estas afirmaciones de car\u00e1cter prospectivo se basan en las expectativas y convicciones de nuestros directivos sobre los acontecimientos que nos afectar\u00e1n en el futuro y est\u00e1n sujetas a incertidumbres y factores relacionados con nuestras operaciones y nuestro entorno empresarial, todos ellos dif\u00edciles de predecir y muchos de los cuales escapan a nuestro control. Estas incertidumbres y factores podr\u00edan hacer que nuestros resultados reales difirieran materialmente de los expresados o impl\u00edcitos en estas previsiones. Las declaraciones prospectivas se refieren \u00fanicamente a la fecha en que se realizan. Villa Gringo Paradise no asume ninguna obligaci\u00f3n de actualizar las declaraciones prospectivas para reflejar los resultados reales, los cambios en las suposiciones o los cambios en otros factores que afecten la informaci\u00f3n prospectiva, excepto en la medida en que lo exijan las leyes de valores aplicables.<\/p>\n\n\n\n<h4 class=\"wp-block-heading\">JURISDICCI\u00d3N<\/h4>\n\n\n\n<p>Villa Gringo Paradise supervisa y mantiene este Sitio Web desde San Antonio, Texas, en los Estados Unidos de Am\u00e9rica. Cualquier disputa o reclamaci\u00f3n relacionada con el Sitio Web y estos T\u00e9rminos y Condiciones se regir\u00e1 por las leyes del Estado de Texas sin dar efecto a ninguna elecci\u00f3n o conflicto de disposici\u00f3n o norma legal (ya sea del Estado de Texas o de cualquier otra jurisdicci\u00f3n).<\/p>\n\n\n\n<p>Cualquier demanda, acci\u00f3n o procedimiento legal que surja de, o est\u00e9 relacionado con, estos T\u00e9rminos y Condiciones o el Sitio Web se iniciar\u00e1 exclusivamente en los tribunales federales de los Estados Unidos o en los tribunales del Estado de Texas, en cada caso ubicados en la ciudad de San Antonio. Usted renuncia a cualquier objeci\u00f3n al ejercicio de la jurisdicci\u00f3n sobre usted por parte de dichos tribunales y a la competencia de los mismos.<\/p>\n\n\n\n<h4 class=\"wp-block-heading\">ACUERDO COMPLETO<\/h4>\n\n\n\n<p>Los T\u00e9rminos y Condiciones y la Pol\u00edtica de Privacidad constituyen el acuerdo \u00fanico y completo entre usted y Villa Gringo Paradise con respecto al Sitio Web y sustituyen todos los entendimientos, acuerdos, representaciones y garant\u00edas anteriores, tanto escritos como orales.<\/p>","protected":false},"excerpt":{"rendered":"<p>Updated August 29, 2023 This website is operated by Villa Gringo Paradise on behalf of ourselves, our group companies, international partnerships and affiliated organizations (\u201cwe\u201d, \u201cour\u201d or \u201cus\u201d). ACCEPTANCE OF TERMS The following terms and condtions (\u201cTerms And Conditions\u201d) govern your access to and use of this website and the related mobile applications provided by [&hellip;]<\/p>\n","protected":false},"author":1,"featured_media":0,"parent":0,"menu_order":0,"comment_status":"closed","ping_status":"closed","template":"","meta":{"footnotes":""},"class_list":["post-985","page","type-page","status-publish","hentry"],"_links":{"self":[{"href":"https:\/\/villagringo.com\/es\/wp-json\/wp\/v2\/pages\/985","targetHints":{"allow":["GET"]}}],"collection":[{"href":"https:\/\/villagringo.com\/es\/wp-json\/wp\/v2\/pages"}],"about":[{"href":"https:\/\/villagringo.com\/es\/wp-json\/wp\/v2\/types\/page"}],"author":[{"embeddable":true,"href":"https:\/\/villagringo.com\/es\/wp-json\/wp\/v2\/users\/1"}],"replies":[{"embeddable":true,"href":"https:\/\/villagringo.com\/es\/wp-json\/wp\/v2\/comments?post=985"}],"version-history":[{"count":0,"href":"https:\/\/villagringo.com\/es\/wp-json\/wp\/v2\/pages\/985\/revisions"}],"wp:attachment":[{"href":"https:\/\/villagringo.com\/es\/wp-json\/wp\/v2\/media?parent=985"}],"curies":[{"name":"wp","href":"https:\/\/api.w.org\/{rel}","templated":true}]}}