{"id":966,"date":"2023-08-05T22:03:26","date_gmt":"2023-08-06T03:03:26","guid":{"rendered":"https:\/\/villagringo.com\/?page_id=966"},"modified":"2023-08-29T10:44:42","modified_gmt":"2023-08-29T15:44:42","slug":"house-rules","status":"publish","type":"page","link":"https:\/\/villagringo.com\/fr\/house-rules\/","title":{"rendered":"R\u00e8glement int\u00e9rieur"},"content":{"rendered":"<div data-colibri-id=\"966-c1\" class=\"style-689 style-local-966-c1 position-relative\">\n  <!---->\n  <div data-colibri-component=\"section\" data-colibri-id=\"966-c2\" id=\"custom\" class=\"h-section h-section-global-spacing d-flex align-items-lg-center align-items-md-center align-items-center style-690 style-local-966-c2 position-relative\">\n    <!---->\n    <!---->\n    <div class=\"h-section-grid-container h-section-boxed-container\">\n      <!---->\n      <div data-colibri-id=\"966-c3\" class=\"h-row-container gutters-row-lg-2 gutters-row-md-2 gutters-row-0 gutters-row-v-lg-2 gutters-row-v-md-2 gutters-row-v-2 style-691 style-local-966-c3 position-relative\">\n        <!---->\n        <div class=\"h-row justify-content-lg-center justify-content-md-center justify-content-center align-items-lg-stretch align-items-md-stretch align-items-stretch gutters-col-lg-2 gutters-col-md-2 gutters-col-0 gutters-col-v-lg-2 gutters-col-v-md-2 gutters-col-v-2\">\n          <!---->\n          <div class=\"h-column h-column-container d-flex h-col-lg-auto h-col-md-auto h-col-auto style-692-outer style-local-966-c4-outer\">\n            <div data-colibri-id=\"966-c4\" class=\"d-flex h-flex-basis h-column__inner h-px-lg-2 h-px-md-2 h-px-2 v-inner-lg-2 v-inner-md-2 v-inner-2 style-692 style-local-966-c4 position-relative\">\n              <!---->\n              <!---->\n              <div class=\"w-100 h-y-container h-column__content h-column__v-align flex-basis-100 align-self-lg-start align-self-md-start align-self-start\">\n                <!---->\n                <div data-colibri-id=\"966-c5\" class=\"h-divider style-694 style-local-966-c5 position-relative h-element\">\n                  <!----><span class=\"h-divider__line style-694-line style-local-966-c5-line style-694-line style-local-966-c5-line\"><\/span> <span class=\"h-svg-icon h-divider__icon style-694-icon style-local-966-c5-icon\"><!--Icon by Font Awesome (https:\/\/fontawesome.com)-->\n    <svg version=\"1.1\" xmlns=\"http:\/\/www.w3.org\/2000\/svg\" xmlns:xlink=\"http:\/\/www.w3.org\/1999\/xlink\" id=\"home\" viewbox=\"0 0 1664 1896.0833\">\n      <path d=\"M1408 992v480q0 26-19 45t-45 19H960v-384H704v384H320q-26 0-45-19t-19-45V992q0-1 .5-3t.5-3l575-474 575 474q1 2 1 6zm223-69l-62 74q-8 9-21 11h-3q-13 0-21-7L832 424l-692 577q-12 8-24 7-13-2-21-11l-62-74q-8-10-7-23.5T37 878l719-599q32-26 76-26t76 26l244 204V288q0-14 9-23t23-9h192q14 0 23 9t9 23v408l219 182q10 8 11 21.5t-7 23.5z\"><\/path>\n    <\/svg><\/span> <span class=\"h-divider__line style-694-line style-local-966-c5-line style-694-line style-local-966-c5-line\"><\/span><\/div>\n                <div data-colibri-id=\"966-c6\" class=\"h-text h-text-component style-697 style-local-966-c6 position-relative h-element\">\n                  <!---->\n                  <!---->\n                  <div class=\"\">\n                    <ol>\n                      <li>Enregistrement apr\u00e8s 15h00<\/li>\n                      <li>D\u00e9part avant 12h00<\/li>\n                      <li>Auto-enregistrement avec le personnel de la communaut\u00e9<\/li>\n                      <li>4 personnes maximum, s'il vous pla\u00eet<\/li>\n                      <li>Pas d'animaux domestiques (animaux d'assistance autoris\u00e9s)<\/li>\n                      <li>Heures calmes : 22H00 - 7H00<\/li>\n                      <li>Interdiction de fumer, s'il vous pla\u00eet<\/li>\n                      <li>Veuillez nettoyer toute la vaisselle avant de quitter l'h\u00f4tel.<\/li>\n                      <li>Veuillez sortir les poubelles de la cuisine avant de quitter l'\u00e9tablissement.<\/li>\n                      <li>S'il vous pla\u00eet, pas de boissons (autres que de l'eau) ni de nourriture sur le canap\u00e9.<\/li>\n                      <li>Veuillez utiliser les sous-verres fournis pour vos boissons sur les meubles en bois dur.<\/li>\n                      <li>Respecter les r\u00e8gles et les heures d'ouverture de la piscine communautaire<\/li>\n                      <li>Si vous recevez des invit\u00e9s, veuillez respecter les voisins et les heures de silence (22h00 - 7h00).<\/li>\n                      <li>Si vous souhaitez utiliser le barbecue, vous devez le d\u00e9placer vers le porche avant ou arri\u00e8re et nettoyer les cendres apr\u00e8s utilisation.<\/li>\n                    <\/ol>\n                    <p>\n                      <br>\n                    <\/p>\n                  <\/div>\n                <\/div>\n              <\/div>\n            <\/div>\n          <\/div>\n        <\/div>\n      <\/div>\n    <\/div>\n  <\/div>\n<\/div>","protected":false},"excerpt":{"rendered":"<p>Check-in after 3:00 PM Checkout before 12:00 PM Self check-in with community staff 4 guests maximum, please No pets (service animals allowed) Quiet Hours:&nbsp;10:00 PM &#8211; 7:00 AM No Smoking, please Please clean all dishes before checkout Please take out kitchen trash before checkout Please, no beverages (other than water) or food on the sofa [&hellip;]<\/p>\n","protected":false},"author":1,"featured_media":0,"parent":0,"menu_order":0,"comment_status":"closed","ping_status":"closed","template":"page-templates\/full-width-page.php","meta":{"footnotes":""},"class_list":["post-966","page","type-page","status-publish","hentry"],"_links":{"self":[{"href":"https:\/\/villagringo.com\/fr\/wp-json\/wp\/v2\/pages\/966","targetHints":{"allow":["GET"]}}],"collection":[{"href":"https:\/\/villagringo.com\/fr\/wp-json\/wp\/v2\/pages"}],"about":[{"href":"https:\/\/villagringo.com\/fr\/wp-json\/wp\/v2\/types\/page"}],"author":[{"embeddable":true,"href":"https:\/\/villagringo.com\/fr\/wp-json\/wp\/v2\/users\/1"}],"replies":[{"embeddable":true,"href":"https:\/\/villagringo.com\/fr\/wp-json\/wp\/v2\/comments?post=966"}],"version-history":[{"count":0,"href":"https:\/\/villagringo.com\/fr\/wp-json\/wp\/v2\/pages\/966\/revisions"}],"wp:attachment":[{"href":"https:\/\/villagringo.com\/fr\/wp-json\/wp\/v2\/media?parent=966"}],"curies":[{"name":"wp","href":"https:\/\/api.w.org\/{rel}","templated":true}]}}