{"id":968,"date":"2023-08-05T22:03:52","date_gmt":"2023-08-06T03:03:52","guid":{"rendered":"https:\/\/villagringo.com\/?page_id=968"},"modified":"2023-08-29T09:09:20","modified_gmt":"2023-08-29T14:09:20","slug":"privacy","status":"publish","type":"page","link":"https:\/\/villagringo.com\/fr\/privacy\/","title":{"rendered":"Politique de confidentialit\u00e9"},"content":{"rendered":"<p><em>Derni\u00e8re mise \u00e0 jour : 29 ao\u00fbt 2023<\/em><\/p>\n\n\n\n<p>Villa Gringo Paradise (\"nous\", \"nous\" ou \"notre\") exploite le site web de Villa Gringo Paradise (le \"service\").<\/p>\n\n\n\n<p>Cette page vous informe de nos politiques concernant la collecte, l'utilisation et la divulgation d'informations personnelles lorsque vous utilisez notre service.<\/p>\n\n\n\n<p>Nous n'utiliserons ni ne partagerons vos informations avec qui que ce soit, sauf dans les cas d\u00e9crits dans la pr\u00e9sente politique de confidentialit\u00e9.<\/p>\n\n\n\n<p>Nous utilisons vos informations personnelles pour fournir et am\u00e9liorer le service. En utilisant le service, vous acceptez la collecte et l'utilisation des informations conform\u00e9ment \u00e0 la pr\u00e9sente politique. Sauf d\u00e9finition contraire, les termes utilis\u00e9s dans la pr\u00e9sente politique de protection de la vie priv\u00e9e ont la m\u00eame signification que dans nos conditions g\u00e9n\u00e9rales, accessibles \u00e0 l'adresse suivante <a href=\"https:\/\/villagringo.com\/fr\/terms\/\">villagringo.com\/termes<\/a>.<\/p>\n\n\n\n<h4 class=\"wp-block-heading\">COLLECTE ET UTILISATION DES INFORMATIONS<\/h4>\n\n\n\n<p>Lors de l'utilisation de notre service, nous pouvons vous demander de nous fournir certaines informations personnellement identifiables qui peuvent \u00eatre utilis\u00e9es pour vous contacter ou vous identifier. Les informations personnellement identifiables (\"informations personnelles\") peuvent inclure, mais ne sont pas limit\u00e9es \u00e0 :<\/p>\n\n\n\n<p>- Nom<br>- Adresse \u00e9lectronique<br>- Num\u00e9ro de t\u00e9l\u00e9phone<br>- Adresse<br>- Adresse de livraison et de facturation<\/p>\n\n\n\n<h4 class=\"wp-block-heading\">INFORMATION SENSORIELLE<\/h4>\n\n\n\n<p>Nous ne traitons pas d'informations sensibles.<\/p>\n\n\n\n<p>Nous pouvons collecter les donn\u00e9es n\u00e9cessaires au traitement de votre paiement si vous effectuez des achats, telles que votre num\u00e9ro d'instrument de paiement et le code de s\u00e9curit\u00e9 associ\u00e9 \u00e0 votre instrument de paiement. Toutes les donn\u00e9es de paiement sont stock\u00e9es par Stripe. Vous pouvez consulter leur avis de confidentialit\u00e9 en cliquant ici : <a href=\"https:\/\/stripe.com\/privacy\">stripe.com\/privacy<\/a><\/p>\n\n\n\n<p>Toutes les informations personnelles que vous nous fournissez doivent \u00eatre vraies, compl\u00e8tes et exactes, et vous devez nous informer de toute modification de ces informations personnelles.<\/p>\n\n\n\n<h4 class=\"wp-block-heading\">LOG DATA<\/h4>\n\n\n\n<p>Nous recueillons des informations que votre navigateur envoie chaque fois que vous visitez notre service (\"donn\u00e9es de journal\"). Ces donn\u00e9es peuvent inclure des informations telles que l'adresse IP (Internet Protocol) de votre ordinateur, le type et la version de votre navigateur, les pages de notre service que vous visitez, l'heure et la date de votre visite, le temps pass\u00e9 sur ces pages et d'autres statistiques.<\/p>\n\n\n\n<h4 class=\"wp-block-heading\">COOKIES<\/h4>\n\n\n\n<p>Les cookies sont des fichiers contenant une petite quantit\u00e9 de donn\u00e9es, qui peuvent inclure un identifiant unique anonyme. Les cookies sont envoy\u00e9s \u00e0 votre navigateur par un site web et stock\u00e9s sur le disque dur de votre ordinateur.<\/p>\n\n\n\n<p>Nous utilisons des \"cookies\" pour collecter des informations. Vous pouvez configurer votre navigateur pour qu'il refuse tous les cookies ou pour qu'il vous indique quand un cookie est envoy\u00e9. Toutefois, si vous n'acceptez pas les cookies, il se peut que vous ne puissiez pas utiliser certaines parties de notre service.<\/p>\n\n\n\n<h4 class=\"wp-block-heading\">LES PRESTATAIRES DE SERVICES<\/h4>\n\n\n\n<p>Nous pouvons faire appel \u00e0 des soci\u00e9t\u00e9s et des personnes tierces pour faciliter notre service, pour fournir le service en notre nom, pour fournir des services li\u00e9s au service ou pour nous aider \u00e0 analyser la mani\u00e8re dont notre service est utilis\u00e9.<\/p>\n\n\n\n<p>Ces tiers n'ont acc\u00e8s \u00e0 vos informations personnelles que pour effectuer ces t\u00e2ches en notre nom et sont tenus de ne pas les divulguer ou les utiliser \u00e0 d'autres fins.<\/p>\n\n\n\n<h4 class=\"wp-block-heading\">S\u00c9CURIT\u00c9<\/h4>\n\n\n\n<p>Nous avons mis en \u0153uvre des mesures de s\u00e9curit\u00e9 techniques et organisationnelles appropri\u00e9es et raisonnables con\u00e7ues pour prot\u00e9ger la s\u00e9curit\u00e9 de toute information personnelle que nous traitons. Toutefois, malgr\u00e9 nos mesures de protection et nos efforts pour s\u00e9curiser vos informations, aucune transmission \u00e9lectronique sur Internet ou technologie de stockage des informations ne peut \u00eatre garantie comme \u00e9tant s\u00fbre, de sorte que nous ne pouvons pas promettre ou garantir que des pirates informatiques, des cybercriminels ou d'autres tiers non autoris\u00e9s ne seront pas en mesure de d\u00e9jouer notre s\u00e9curit\u00e9 et de collecter, d'acc\u00e9der, de voler ou de modifier vos informations de mani\u00e8re inappropri\u00e9e. Bien que nous fassions de notre mieux pour prot\u00e9ger vos informations personnelles, la transmission d'informations personnelles vers et \u00e0 partir de nos services se fait \u00e0 vos propres risques. Vous ne devez acc\u00e9der aux services que dans un environnement s\u00e9curis\u00e9.<\/p>\n\n\n\n<h4 class=\"wp-block-heading\">LIENS VERS D'AUTRES SITES<\/h4>\n\n\n\n<p>Notre service peut contenir des liens vers d'autres sites qui ne sont pas exploit\u00e9s par nous. Si vous cliquez sur le lien d'un tiers, vous serez dirig\u00e9 vers le site de ce tiers. Nous vous conseillons vivement de consulter la politique de confidentialit\u00e9 de chaque site que vous visitez.<\/p>\n\n\n\n<p>Nous n'avons aucun contr\u00f4le sur le contenu, les politiques de confidentialit\u00e9 ou les pratiques des sites ou services tiers et n'assumons aucune responsabilit\u00e9 \u00e0 cet \u00e9gard.<\/p>\n\n\n\n<h4 class=\"wp-block-heading\">LA VIE PRIV\u00c9E DES ENFANTS<\/h4>\n\n\n\n<p>Notre service ne s'adresse pas aux personnes \u00e2g\u00e9es de moins de 18 ans (\"enfants\").<\/p>\n\n\n\n<p>Nous ne recueillons pas sciemment d'informations personnellement identifiables aupr\u00e8s d'enfants de moins de 18 ans. Si vous \u00eates un parent ou un tuteur et que vous savez que votre enfant nous a fourni des informations personnelles, veuillez nous contacter. Si nous d\u00e9couvrons qu'un enfant de moins de 18 ans nous a fourni des informations personnelles, nous supprimerons imm\u00e9diatement ces informations de nos serveurs.<\/p>\n\n\n\n<h4 class=\"wp-block-heading\">RESPECT DES LOIS<\/h4>\n\n\n\n<p>Nous divulguerons vos informations personnelles si la loi ou une citation \u00e0 compara\u00eetre nous y oblige.<\/p>\n\n\n\n<h4 class=\"wp-block-heading\">MODIFICATIONS DE LA PR\u00c9SENTE POLITIQUE DE PROTECTION DE LA VIE PRIV\u00c9E<\/h4>\n\n\n\n<p>Nous pouvons mettre \u00e0 jour notre politique de confidentialit\u00e9 de temps \u00e0 autre sans vous en informer. Nous vous conseillons de consulter r\u00e9guli\u00e8rement la pr\u00e9sente politique de confidentialit\u00e9 pour prendre connaissance d'\u00e9ventuelles modifications. Les modifications apport\u00e9es \u00e0 la pr\u00e9sente politique de confidentialit\u00e9 entrent en vigueur au moment o\u00f9 elles sont publi\u00e9es sur cette page.<\/p>\n\n\n\n<h4 class=\"wp-block-heading\">CONTACT<\/h4>\n\n\n\n<p>Si vous avez des questions concernant la pr\u00e9sente politique de confidentialit\u00e9, veuillez vous adresser \u00e0\u00a0<a href=\"https:\/\/villagringo.com\/fr\/contact\/\" target=\"_blank\" rel=\"noreferrer noopener\">nous contacter<\/a>.<\/p>","protected":false},"excerpt":{"rendered":"<p>Last Updated:\u00a0August 29, 2023 Villa Gringo Paradise (\u201cus\u201d, \u201cwe\u201d, or \u201cour\u201d) operates the Villa Gringo Paradise website (the \u201cService\u201d). This page informs you of our policies regarding the collection, use and disclosure of Personal Information when you use our Service. We will not use or share your information with anyone except as described in this [&hellip;]<\/p>\n","protected":false},"author":1,"featured_media":0,"parent":0,"menu_order":0,"comment_status":"closed","ping_status":"closed","template":"","meta":{"footnotes":""},"class_list":["post-968","page","type-page","status-publish","hentry"],"_links":{"self":[{"href":"https:\/\/villagringo.com\/fr\/wp-json\/wp\/v2\/pages\/968","targetHints":{"allow":["GET"]}}],"collection":[{"href":"https:\/\/villagringo.com\/fr\/wp-json\/wp\/v2\/pages"}],"about":[{"href":"https:\/\/villagringo.com\/fr\/wp-json\/wp\/v2\/types\/page"}],"author":[{"embeddable":true,"href":"https:\/\/villagringo.com\/fr\/wp-json\/wp\/v2\/users\/1"}],"replies":[{"embeddable":true,"href":"https:\/\/villagringo.com\/fr\/wp-json\/wp\/v2\/comments?post=968"}],"version-history":[{"count":0,"href":"https:\/\/villagringo.com\/fr\/wp-json\/wp\/v2\/pages\/968\/revisions"}],"wp:attachment":[{"href":"https:\/\/villagringo.com\/fr\/wp-json\/wp\/v2\/media?parent=968"}],"curies":[{"name":"wp","href":"https:\/\/api.w.org\/{rel}","templated":true}]}}