{"id":985,"date":"2023-08-05T22:11:23","date_gmt":"2023-08-06T03:11:23","guid":{"rendered":"https:\/\/villagringo.com\/?page_id=985"},"modified":"2023-08-29T09:19:39","modified_gmt":"2023-08-29T14:19:39","slug":"terms-conditions","status":"publish","type":"page","link":"https:\/\/villagringo.com\/it\/terms-conditions\/","title":{"rendered":"Termini e condizioni"},"content":{"rendered":"<p><em>Aggiornato al 29 agosto 2023<\/em><\/p>\n\n\n\n<p>Questo sito web \u00e8 gestito da Villa Gringo Paradise per conto nostro, delle nostre societ\u00e0 del gruppo, delle partnership internazionali e delle organizzazioni affiliate (\"noi\", \"nostro\" o \"ci\").<\/p>\n\n\n\n<h4 class=\"wp-block-heading\">ACCETTAZIONE DEI TERMINI<\/h4>\n\n\n\n<p>I seguenti termini e condizioni (\"Termini e condizioni\") regolano l'accesso e l'uso di questo sito web e delle relative applicazioni mobili da noi fornite, compresi i contenuti e i servizi offerti su o attraverso questo sito web e\/o le applicazioni (denominati collettivamente \"Sito web\"). Utilizzando il sito web, l'utente accetta e si impegna a rispettare i presenti Termini e condizioni e la nostra Informativa sulla privacy, reperibile all'indirizzo <a href=\"https:\/\/villagringo.com\/it\/privacy\/\">villagringo.com\/privacy<\/a>. Se l'utente non accetta i presenti Termini e condizioni o l'Informativa sulla privacy, non deve accedere o utilizzare il Sito web.<\/p>\n\n\n\n<h4 class=\"wp-block-heading\">INFORMAZIONI SULL'UTENTE E SUL SUO UTILIZZO DEL SITO WEB<\/h4>\n\n\n\n<p>Utilizzando il sito web, l'utente acconsente a consentirci di utilizzare le sue informazioni in conformit\u00e0 con l'Informativa sulla privacy. Non vi informeremo di tali modifiche o aggiornamenti.<\/p>\n\n\n\n<h4 class=\"wp-block-heading\">MODIFICA DEL SITO WEB<\/h4>\n\n\n\n<p>Possiamo modificare o aggiornare il contenuto di questo sito web di tanto in tanto, ma il suo contenuto potrebbe non essere completo o aggiornato in qualsiasi momento.<\/p>\n\n\n\n<h4 class=\"wp-block-heading\">PROPRIET\u00c0 E UTILIZZO DEL SITO WEB E DELLE INFORMAZIONI<\/h4>\n\n\n\n<p>Tutti i diritti, i titoli e gli interessi relativi al sito web, compresi, senza limitazioni, le informazioni, i prodotti, i materiali, il software e i servizi in esso contenuti o altrimenti forniti (collettivamente, le \"Informazioni\") e tutti i marchi, i nomi commerciali, i loghi, i marchi di servizio, le intestazioni delle pagine, gli script e le icone dei pulsanti (collettivamente, la \"Propriet\u00e0 Intellettuale\") sono di propriet\u00e0 di Villa Gringo Paradise e sono protetti dalle leggi sul copyright, sui marchi e da altre leggi. Ad eccezione di quanto espressamente previsto nel presente documento, nessun diritto, titolo o interesse sul sito web, sulle informazioni o sulla propriet\u00e0 intellettuale viene trasferito all'utente. Fatta eccezione per l'uso personale e non commerciale autorizzato di seguito, nulla di quanto contenuto nei presenti Termini o nel Sito Web deve essere interpretato come concessione, per implicazione, preclusione o altro, di qualsiasi licenza o diritto di copiare, imitare o utilizzare, in tutto o in parte, la Propriet\u00e0 Intellettuale o le Informazioni, senza l'espressa autorizzazione scritta di Villa Gringo Paradise. La copia o l'uso non autorizzato della Propriet\u00e0 Intellettuale o delle Informazioni \u00e8 severamente vietato. Villa Gringo Paradise pu\u00f2 modificare il sito web e\/o le informazioni in qualsiasi momento senza preavviso, nonch\u00e9 negare o limitare l'accesso al sito web e\/o alle informazioni, incluso, senza limitazione, il caso in cui Villa Gringo Paradise venga a conoscenza o sospetti una violazione dei presenti Termini.<\/p>\n\n\n\n<p>In base ai presenti Termini, Villa Gringo Paradise concede all'utente un diritto limitato, non esclusivo, revocabile, non cedibile e non sublicenziabile di utilizzare il Sito web e le Informazioni solo per uso personale e non commerciale che sia lecito e conforme ai presenti Termini. Ogni altro uso \u00e8 vietato, compresa la divulgazione, la copia, la distribuzione e il collegamento (compresi scraping, framing e deeplinking). Tutti i diritti non espressamente concessi in questi Termini sono riservati e conservati da Villa Gringo Paradise.<\/p>\n\n\n\n<p>Accedendo e utilizzando il sito web, l'utente accetta di utilizzare il sito web, le informazioni e le funzionalit\u00e0 ad esso associate in conformit\u00e0 con i presenti Termini e con tutte le leggi, le norme e i regolamenti applicabili, e accetta inoltre di non:<\/p>\n\n\n\n<ol class=\"wp-block-list\">\n<li>Utilizzare le informazioni per qualsiasi motivo diverso dall'uso personale e non commerciale senza l'espresso consenso scritto di Villa Gringo Paradise. Ci\u00f2 include la copia, il download, l'editing, la fotografia, l'archiviazione, la trasmissione, la riproduzione, la distribuzione, la creazione di opere derivate o la pubblicazione delle Informazioni o della Propriet\u00e0 Intellettuale per uso commerciale, pubblico o altro uso non autorizzato; o altrimenti il tentativo di ridistribuire, riutilizzare o modificare le Informazioni per qualsiasi scopo senza l'espressa autorizzazione scritta di Villa Gringo Paradise.<\/li>\n\n\n\n<li>Lanciare, trasmettere, distribuire, promuovere o rendere disponibile in altro modo materiale di qualsiasi tipo che contenga, a titolo esemplificativo, virus o qualsiasi altro codice informatico o file o programma progettato per interrompere o distruggere o limitare la funzionalit\u00e0 di qualsiasi software o hardware o altra apparecchiatura associata al Sito web, un cavallo di Troia, bombe a orologeria, \"spider\", worm, spyware, bot, \"lettori offline\", qualsiasi uso automatizzato del sistema, come ad esempio script, o altri componenti dannosi; o interferisce con, limita o interrompe il Sito Web, la sua funzionalit\u00e0, o i server o le reti collegate al Sito Web; o disobbedisce a qualsiasi requisito, procedura, politica o regolamento delle reti collegate al Sito Web.<\/li>\n\n\n\n<li>Tenere una condotta che costituisca un reato penale, che dia luogo a responsabilit\u00e0 civile o che violi in altro modo qualsiasi legge locale, statale, nazionale o internazionale o che renda disponibile materiale che sfrutti o danneggi qualsiasi individuo, societ\u00e0 o altra entit\u00e0.<\/li>\n\n\n\n<li>Affittare, affittare, prestare o vendere l'accesso al Sito Web a terzi.<\/li>\n\n\n\n<li>Effettuare qualsiasi reverse engineering o tentare in altro modo di ottenere un accesso non autorizzato alle reti informatiche o ai server di Villa Gringo Paradise, al sito web o a qualsiasi informazione, contenuto o dato ad esso associato.<\/li>\n<\/ol>\n\n\n\n<p>Villa Gringo Paradise non garantisce che i materiali contenuti nel sito web o i prodotti descritti o offerti sul sito web siano appropriati o disponibili per l'uso al di fuori delle rispettive giurisdizioni. I visitatori che utilizzano il sito web e risiedono al di fuori delle giurisdizioni pertinenti lo fanno di propria iniziativa e sono responsabili del rispetto di tutte le leggi, se e nella misura in cui le leggi locali sono applicabili. L'utente accetta di non accedere al Sito da un territorio in cui i suoi contenuti siano illegali e che l'utente, e non Villa Gringo Paradise e le sue parti affiliate, \u00e8 responsabile del rispetto delle leggi locali applicabili.<\/p>\n\n\n\n<p>I Termini e condizioni del sito web sono validi a meno che e fino a quando non vengano risolti dall'utente o da Villa Gringo Paradise. L'utente pu\u00f2 rescindere il presente Accordo in qualsiasi momento, a condizione che interrompa l'utilizzo del sito web. Villa Gringo Paradise pu\u00f2 anche terminare o sospendere i Termini e le Condizioni del Sito Web, in qualsiasi momento, senza preavviso, e di conseguenza negarvi l'accesso al Sito Web, per qualsiasi motivo, incluso, senza limitazione, se a sola discrezione di Villa Gringo Paradise non rispettate qualsiasi termine o disposizione dei Termini e delle Condizioni del Sito Web o se il vostro uso \u00e8 dannoso per gli interessi di un altro utente o di Villa Gringo Paradise e delle sue parti affiliate.<\/p>\n\n\n\n<p>La presente sezione rester\u00e0 in vigore anche dopo l'eventuale risoluzione dei Termini e condizioni del sito web.<\/p>\n\n\n\n<h4 class=\"wp-block-heading\">ACCURATEZZA E FIDUCIA NELLE INFORMAZIONI DEL SITO WEB<\/h4>\n\n\n\n<p>Le informazioni presentate su o attraverso il Sito web sono rese disponibili esclusivamente a scopo informativo generale.<\/p>\n\n\n\n<p>Non garantiamo l'accuratezza o la completezza di queste informazioni e decliniamo ogni responsabilit\u00e0 derivante da qualsiasi affidamento su tali informazioni.<\/p>\n\n\n\n<p>Questo sito web pu\u00f2 includere contenuti forniti da terzi. Tutte le dichiarazioni e le opinioni di tali terze parti sono di esclusiva responsabilit\u00e0 della persona che fornisce tali materiali e non riflettono necessariamente l'opinione di Villa Gringo Paradise.<\/p>\n\n\n\n<h4 class=\"wp-block-heading\">LINK DAL SITO WEB<\/h4>\n\n\n\n<p>Se il Sito contiene collegamenti ad altri siti e risorse forniti da terzi, tali collegamenti sono forniti solo per comodit\u00e0 dell'utente. Non abbiamo alcun controllo sui contenuti di tali siti o risorse e non siamo responsabili per essi o per qualsiasi perdita o danno che possa derivare dal loro utilizzo. Se decidete di accedere a uno dei siti web di terzi collegati a questo Sito, lo fate a vostro rischio e pericolo e siete soggetti ai termini e alle condizioni d'uso di tali siti.<\/p>\n\n\n\n<h4 class=\"wp-block-heading\">ESCLUSIONE DI GARANZIE<\/h4>\n\n\n\n<p>L'USO DEL SITO WEB, DEL SUO CONTENUTO E DI QUALSIASI SERVIZIO O ARTICOLO OTTENUTO TRAMITE IL SITO WEB \u00c8 A RISCHIO DELL'UTENTE. IL SITO WEB, IL SUO CONTENUTO E QUALSIASI SERVIZIO OTTENUTO ATTRAVERSO IL SITO WEB SONO FORNITI \"COS\u00cc COME SONO\", SENZA GARANZIE DI ALCUN TIPO, SIA ESPRESSE CHE IMPLICITE. N\u00c9 HENRY DE LA PAZ N\u00c9 ALCUNA PERSONA ASSOCIATA A VILLA GRINGO PARADISE FORNISCE ALCUNA GARANZIA O DICHIARAZIONE CHE IL SITO WEB, IL SUO CONTENUTO O QUALSIASI SERVIZIO O ARTICOLO OTTENUTO TRAMITE IL SITO WEB SAR\u00c0 ACCURATO, AFFIDABILE, PRIVO DI ERRORI O ININTERROTTO, CHE I DIFETTI SARANNO CORRETTI O CHE IL SITO WEB O IL SERVER CHE LO RENDE DISPONIBILE SONO PRIVI DI VIRUS O ALTRI COMPONENTI DANNOSI.<\/p>\n\n\n\n<p>VILLA GRINGO PARADISE DECLINA TUTTE LE GARANZIE DI QUALSIASI TIPO, ESPRESSE O IMPLICITE, LEGALI O DI ALTRO TIPO, INCLUSE, A TITOLO ESEMPLIFICATIVO, LE GARANZIE DI COMMERCIABILIT\u00c0, NON VIOLAZIONE E IDONEIT\u00c0 A SCOPI PARTICOLARI.<\/p>\n\n\n\n<p>LE PRESENTI CLAUSOLE DI ESCLUSIONE DELLA RESPONSABILIT\u00c0 NON RIGUARDANO LE GARANZIE CHE NON POSSONO ESSERE ESCLUSE O LIMITATE AI SENSI DELLA LEGGE APPLICABILE.<\/p>\n\n\n\n<h4 class=\"wp-block-heading\">LIMITAZIONE DI RESPONSABILIT\u00c0<\/h4>\n\n\n\n<p>IN NESSUN CASO VILLA GRINGO PARADSIE O QUALSIASI PERSONA ASSOCIATA A VILLA GRINGO PARADISE SAR\u00c0 RESPONSABILE PER DANNI DI QUALSIASI TIPO, IN BASE A QUALSIASI TEORIA LEGALE, DERIVANTI DA O IN RELAZIONE ALL'USO, O ALL'IMPOSSIBILIT\u00c0 DI USARE, IL SITO WEB, QUALSIASI SITO WEB AD ESSO COLLEGATO, QUALSIASI CONTENUTO DEL SITO WEB O DI TALI ALTRI SITI WEB O QUALSIASI SERVIZIO OTTENUTO ATTRAVERSO IL SITO WEB O TALI ALTRI SITI WEB, COMPRESI I DANNI DIRETTI, INDIRETTI, SPECIALI, INCIDENTALI, CONSEQUENZIALI O PUNITIVI, TRA CUI LA PERDITA DI ENTRATE, LA PERDITA DI PROFITTI, LA PERDITA DI AFFARI O DI RISPARMI PREVISTI, LA PERDITA DI UTILIZZO, LA PERDITA DI AVVIAMENTO O LA PERDITA DI DATI.<\/p>\n\n\n\n<p>LE PRESENTI LIMITAZIONI NON RIGUARDANO LE RESPONSABILIT\u00c0 CHE NON POSSONO ESSERE ESCLUSE O LIMITATE AI SENSI DELLA LEGGE APPLICABILE.<\/p>\n\n\n\n<h4 class=\"wp-block-heading\">INDENNIZZO<\/h4>\n\n\n\n<p>L'utente accetta di difendere, indennizzare e tenere indenne Villa Gringo Paradise e le sue affiliate, nonch\u00e9 i suoi rispettivi funzionari, direttori, dipendenti, appaltatori, agenti, licenziatari, successori e cessionari da e contro qualsiasi reclamo, responsabilit\u00e0, danno, sentenza, premio, perdita, costo, spesa o onorario (comprese le ragionevoli spese legali e altri oneri) derivanti da o in connessione con la violazione di questi Termini e condizioni da parte dell'utente o l'uso di qualsiasi informazione ottenuta dal sito web.<\/p>\n\n\n\n<h4 class=\"wp-block-heading\">RINUNCIA E SEPARABILIT\u00c0<\/h4>\n\n\n\n<p>Nessuna rinuncia da parte di Villa Gringo Paradise a qualsiasi termine o condizione stabiliti in questi Termini e Condizioni sar\u00e0 considerata una rinuncia ulteriore o continua a tale termine o condizione o una rinuncia a qualsiasi altro termine o condizione, e la mancata rivendicazione da parte di Villa Gringo Paradise di un diritto o di una disposizione ai sensi di questi Termini e Condizioni non costituir\u00e0 una rinuncia a tale diritto o disposizione.<\/p>\n\n\n\n<p>Se una disposizione dei presenti Termini e condizioni \u00e8 ritenuta non valida, illegale o inapplicabile per qualsiasi motivo da un tribunale o da un'altra giurisdizione competente, tale disposizione sar\u00e0 eliminata o limitata nella misura minima possibile, in modo che le restanti disposizioni dei Termini e condizioni continuino a essere pienamente valide ed efficaci.<\/p>\n\n\n\n<h4 class=\"wp-block-heading\">LINGUAGGIO CAUTELATIVO RELATIVO ALLE DICHIARAZIONI PREVISIONALI<\/h4>\n\n\n\n<p>Questo sito web pu\u00f2 contenere \"dichiarazioni previsionali\" come definite dalle leggi federali statunitensi sui titoli. Tali dichiarazioni possono riguardare analisi e altre informazioni basate su previsioni di risultati futuri e stime di importi non ancora determinabili. Tali dichiarazioni possono anche riguardare le nostre prospettive future, gli sviluppi e le strategie aziendali. Queste dichiarazioni previsionali si basano sulle aspettative e sulle convinzioni del nostro management riguardo agli eventi futuri che ci riguardano e sono soggette a incertezze e fattori relativi alle nostre operazioni e al nostro ambiente commerciale, tutti difficili da prevedere e molti dei quali sfuggono al nostro controllo. Tali incertezze e fattori potrebbero far s\u00ec che i nostri risultati effettivi differiscano materialmente da quelli espressi o impliciti in queste dichiarazioni previsionali. Le dichiarazioni previsionali si riferiscono solo alla data in cui vengono rilasciate. Villa Gringo Paradise non si assume alcun obbligo di aggiornare le dichiarazioni previsionali per riflettere i risultati effettivi, le variazioni delle ipotesi o i cambiamenti di altri fattori che influenzano le informazioni previsionali, tranne nella misura richiesta dalle leggi sui titoli applicabili.<\/p>\n\n\n\n<h4 class=\"wp-block-heading\">GIURISDIZIONE<\/h4>\n\n\n\n<p>Villa Gringo Paradise supervisiona e gestisce questo sito web da San Antonio, Texas, Stati Uniti d'America. Qualsiasi controversia o reclamo relativo al sito web e ai presenti Termini e condizioni sar\u00e0 disciplinato dalle leggi dello Stato del Texas, senza dare effetto a qualsiasi disposizione o regola di scelta o conflitto di leggi (sia dello Stato del Texas che di qualsiasi altra giurisdizione).<\/p>\n\n\n\n<p>Qualsiasi causa, azione o procedimento legale derivante da, o correlato a, questi Termini e condizioni o al Sito web dovr\u00e0 essere avviato esclusivamente presso i tribunali federali degli Stati Uniti o i tribunali dello Stato del Texas, in ogni caso situati nella citt\u00e0 di San Antonio. L'utente rinuncia a qualsiasi obiezione all'esercizio della giurisdizione nei suoi confronti da parte di tali tribunali e alla sede in tali tribunali.<\/p>\n\n\n\n<h4 class=\"wp-block-heading\">ACCORDO COMPLETO<\/h4>\n\n\n\n<p>I Termini e condizioni e l'Informativa sulla privacy costituiscono l'unico e intero accordo tra l'utente e Villa Gringo Paradise in relazione al sito web e sostituiscono tutte le precedenti intese, accordi, dichiarazioni e garanzie, sia scritte che orali.<\/p>","protected":false},"excerpt":{"rendered":"<p>Updated August 29, 2023 This website is operated by Villa Gringo Paradise on behalf of ourselves, our group companies, international partnerships and affiliated organizations (\u201cwe\u201d, \u201cour\u201d or \u201cus\u201d). ACCEPTANCE OF TERMS The following terms and condtions (\u201cTerms And Conditions\u201d) govern your access to and use of this website and the related mobile applications provided by [&hellip;]<\/p>\n","protected":false},"author":1,"featured_media":0,"parent":0,"menu_order":0,"comment_status":"closed","ping_status":"closed","template":"","meta":{"footnotes":""},"class_list":["post-985","page","type-page","status-publish","hentry"],"_links":{"self":[{"href":"https:\/\/villagringo.com\/it\/wp-json\/wp\/v2\/pages\/985","targetHints":{"allow":["GET"]}}],"collection":[{"href":"https:\/\/villagringo.com\/it\/wp-json\/wp\/v2\/pages"}],"about":[{"href":"https:\/\/villagringo.com\/it\/wp-json\/wp\/v2\/types\/page"}],"author":[{"embeddable":true,"href":"https:\/\/villagringo.com\/it\/wp-json\/wp\/v2\/users\/1"}],"replies":[{"embeddable":true,"href":"https:\/\/villagringo.com\/it\/wp-json\/wp\/v2\/comments?post=985"}],"version-history":[{"count":0,"href":"https:\/\/villagringo.com\/it\/wp-json\/wp\/v2\/pages\/985\/revisions"}],"wp:attachment":[{"href":"https:\/\/villagringo.com\/it\/wp-json\/wp\/v2\/media?parent=985"}],"curies":[{"name":"wp","href":"https:\/\/api.w.org\/{rel}","templated":true}]}}