{"id":968,"date":"2023-08-05T22:03:52","date_gmt":"2023-08-06T03:03:52","guid":{"rendered":"https:\/\/villagringo.com\/?page_id=968"},"modified":"2023-08-29T09:09:20","modified_gmt":"2023-08-29T14:09:20","slug":"privacy","status":"publish","type":"page","link":"https:\/\/villagringo.com\/pt\/privacy\/","title":{"rendered":"Pol\u00edtica de privacidade"},"content":{"rendered":"<p><em>\u00daltima atualiza\u00e7\u00e3o: 29 de agosto de 2023<\/em><\/p>\n\n\n\n<p>Villa Gringo Paradise (\"n\u00f3s\", \"nos\", ou \"nosso\") opera o s\u00edtio web Villa Gringo Paradise (o \"Servi\u00e7o\").<\/p>\n\n\n\n<p>Esta p\u00e1gina informa-o das nossas pol\u00edticas relativas \u00e0 recolha, utiliza\u00e7\u00e3o e divulga\u00e7\u00e3o de Informa\u00e7\u00f5es Pessoais quando utiliza o nosso Servi\u00e7o.<\/p>\n\n\n\n<p>N\u00e3o utilizaremos nem partilharemos as suas informa\u00e7\u00f5es com ningu\u00e9m, exceto conforme descrito na presente Pol\u00edtica de Privacidade.<\/p>\n\n\n\n<p>Utilizamos as suas informa\u00e7\u00f5es pessoais para fornecer e melhorar o Servi\u00e7o. Ao utilizar o Servi\u00e7o, o utilizador concorda com a recolha e utiliza\u00e7\u00e3o de informa\u00e7\u00f5es de acordo com esta pol\u00edtica. Salvo defini\u00e7\u00e3o em contr\u00e1rio na presente Pol\u00edtica de privacidade, os termos utilizados na presente Pol\u00edtica de privacidade t\u00eam o mesmo significado que nos nossos Termos e condi\u00e7\u00f5es, acess\u00edveis em <a href=\"https:\/\/villagringo.com\/pt\/terms\/\">villagringo.com\/terms<\/a>.<\/p>\n\n\n\n<h4 class=\"wp-block-heading\">RECOLHA E UTILIZA\u00c7\u00c3O DE INFORMA\u00c7\u00d5ES<\/h4>\n\n\n\n<p>Ao utilizar o nosso Servi\u00e7o, podemos pedir-lhe que nos forne\u00e7a determinadas informa\u00e7\u00f5es de identifica\u00e7\u00e3o pessoal que podem ser utilizadas para o contactar ou identificar. As informa\u00e7\u00f5es de identifica\u00e7\u00e3o pessoal (\"Informa\u00e7\u00f5es pessoais\") podem incluir, mas n\u00e3o se limitam a:<\/p>\n\n\n\n<p>- Nome<br>- Endere\u00e7o de correio eletr\u00f3nico<br>- N\u00famero de telefone<br>- Endere\u00e7o<br>- Endere\u00e7o de envio e fatura\u00e7\u00e3o<\/p>\n\n\n\n<h4 class=\"wp-block-heading\">INFORMA\u00c7\u00c3O SENSORIAL<\/h4>\n\n\n\n<p>N\u00e3o tratamos informa\u00e7\u00f5es sens\u00edveis.<\/p>\n\n\n\n<p>Podemos recolher os dados necess\u00e1rios para processar o seu pagamento se efetuar compras, tais como o n\u00famero do seu instrumento de pagamento e o c\u00f3digo de seguran\u00e7a associado ao seu instrumento de pagamento. Todos os dados de pagamento s\u00e3o armazenados pela Stripe. Pode encontrar a hiperliga\u00e7\u00e3o do aviso de privacidade aqui: <a href=\"https:\/\/stripe.com\/privacy\">stripe.com\/privacy<\/a><\/p>\n\n\n\n<p>Todas as informa\u00e7\u00f5es pessoais que o utilizador nos fornecer devem ser verdadeiras, completas e exactas, e o utilizador deve notificar-nos de quaisquer altera\u00e7\u00f5es a essas informa\u00e7\u00f5es pessoais.<\/p>\n\n\n\n<h4 class=\"wp-block-heading\">DADOS DE REGISTO<\/h4>\n\n\n\n<p>Recolhemos informa\u00e7\u00f5es que o seu browser envia sempre que visita o nosso Servi\u00e7o (\"Dados de registo\"). Estes Dados de Registo podem incluir informa\u00e7\u00f5es como o endere\u00e7o do Protocolo de Internet (\"IP\") do seu computador, o tipo de browser, a vers\u00e3o do browser, as p\u00e1ginas do nosso Servi\u00e7o que visita, a hora e a data da sua visita, o tempo passado nessas p\u00e1ginas e outras estat\u00edsticas.<\/p>\n\n\n\n<h4 class=\"wp-block-heading\">COOKIES<\/h4>\n\n\n\n<p>Os cookies s\u00e3o ficheiros com uma pequena quantidade de dados, que podem incluir um identificador \u00fanico an\u00f3nimo. Os cookies s\u00e3o enviados para o seu browser a partir de um s\u00edtio Web e armazenados no disco r\u00edgido do seu computador.<\/p>\n\n\n\n<p>Utilizamos \"cookies\" para recolher informa\u00e7\u00f5es. O utilizador pode dar instru\u00e7\u00f5es ao seu browser para recusar todos os cookies ou para indicar quando um cookie est\u00e1 a ser enviado. No entanto, se n\u00e3o aceitar cookies, poder\u00e1 n\u00e3o conseguir utilizar algumas partes do nosso Servi\u00e7o.<\/p>\n\n\n\n<h4 class=\"wp-block-heading\">PRESTADORES DE SERVI\u00c7OS<\/h4>\n\n\n\n<p>Podemos empregar empresas e indiv\u00edduos terceiros para facilitar o nosso Servi\u00e7o, para fornecer o Servi\u00e7o em nosso nome, para efetuar servi\u00e7os relacionados com o Servi\u00e7o ou para nos ajudar a analisar a forma como o nosso Servi\u00e7o \u00e9 utilizado.<\/p>\n\n\n\n<p>Estes terceiros t\u00eam acesso \u00e0s suas Informa\u00e7\u00f5es Pessoais apenas para realizar estas tarefas em nosso nome e s\u00e3o obrigados a n\u00e3o as divulgar ou utilizar para qualquer outro fim.<\/p>\n\n\n\n<h4 class=\"wp-block-heading\">SEGURAN\u00c7A<\/h4>\n\n\n\n<p>Implement\u00e1mos medidas de seguran\u00e7a t\u00e9cnicas e organizacionais adequadas e razo\u00e1veis, concebidas para proteger a seguran\u00e7a de quaisquer informa\u00e7\u00f5es pessoais que processamos. No entanto, apesar das nossas salvaguardas e esfor\u00e7os para proteger as suas informa\u00e7\u00f5es, nenhuma transmiss\u00e3o eletr\u00f3nica atrav\u00e9s da Internet ou tecnologia de armazenamento de informa\u00e7\u00f5es pode ser garantida como sendo 100% segura, pelo que n\u00e3o podemos prometer ou garantir que hackers, cibercriminosos ou outros terceiros n\u00e3o autorizados n\u00e3o consigam ultrapassar a nossa seguran\u00e7a e recolher, aceder, roubar ou modificar indevidamente as suas informa\u00e7\u00f5es. Embora fa\u00e7amos o nosso melhor para proteger as suas informa\u00e7\u00f5es pessoais, a transmiss\u00e3o de informa\u00e7\u00f5es pessoais de e para os nossos Servi\u00e7os \u00e9 feita por sua conta e risco. O utilizador s\u00f3 deve aceder aos Servi\u00e7os num ambiente seguro.<\/p>\n\n\n\n<h4 class=\"wp-block-heading\">LIGA\u00c7\u00d5ES A OUTROS S\u00cdTIOS<\/h4>\n\n\n\n<p>O nosso Servi\u00e7o pode conter liga\u00e7\u00f5es para outros sites que n\u00e3o s\u00e3o operados por n\u00f3s. Se clicar numa liga\u00e7\u00e3o de terceiros, ser\u00e1 direcionado para o site desses terceiros. Aconselhamos vivamente o utilizador a rever a Pol\u00edtica de Privacidade de todos os sites que visitar.<\/p>\n\n\n\n<p>N\u00e3o temos qualquer controlo e n\u00e3o assumimos qualquer responsabilidade pelo conte\u00fado, pol\u00edticas de privacidade ou pr\u00e1ticas de quaisquer sites ou servi\u00e7os de terceiros.<\/p>\n\n\n\n<h4 class=\"wp-block-heading\">PRIVACIDADE DAS CRIAN\u00c7AS<\/h4>\n\n\n\n<p>O nosso Servi\u00e7o n\u00e3o se dirige a pessoas com menos de 18 anos (\"Crian\u00e7as\").<\/p>\n\n\n\n<p>N\u00e3o recolhemos intencionalmente informa\u00e7\u00f5es pessoais identific\u00e1veis de crian\u00e7as com menos de 18 anos. Se for pai ou tutor e tiver conhecimento de que o seu filho nos forneceu Informa\u00e7\u00f5es Pessoais, contacte-nos. Se descobrirmos que um menor de 18 anos nos forneceu Informa\u00e7\u00f5es Pessoais, eliminaremos imediatamente essas informa\u00e7\u00f5es dos nossos servidores.<\/p>\n\n\n\n<h4 class=\"wp-block-heading\">CUMPRIMENTO DA LEGISLA\u00c7\u00c3O<\/h4>\n\n\n\n<p>Divulgaremos as suas Informa\u00e7\u00f5es Pessoais quando tal for exigido por lei ou intima\u00e7\u00e3o.<\/p>\n\n\n\n<h4 class=\"wp-block-heading\">ALTERA\u00c7\u00d5ES A ESTA POL\u00cdTICA DE PRIVACIDADE<\/h4>\n\n\n\n<p>A nossa Pol\u00edtica de Privacidade pode ser actualizada periodicamente sem aviso pr\u00e9vio. Aconselhamos o utilizador a rever periodicamente esta Pol\u00edtica de Privacidade para verificar se existem altera\u00e7\u00f5es. As altera\u00e7\u00f5es a esta Pol\u00edtica de Privacidade entram em vigor quando s\u00e3o publicadas nesta p\u00e1gina.<\/p>\n\n\n\n<h4 class=\"wp-block-heading\">CONTACTO<\/h4>\n\n\n\n<p>Se tiver alguma quest\u00e3o sobre esta Pol\u00edtica de Privacidade, por favor\u00a0<a href=\"https:\/\/villagringo.com\/pt\/contact\/\" target=\"_blank\" rel=\"noreferrer noopener\">contactar-nos<\/a>.<\/p>","protected":false},"excerpt":{"rendered":"<p>Last Updated:\u00a0August 29, 2023 Villa Gringo Paradise (\u201cus\u201d, \u201cwe\u201d, or \u201cour\u201d) operates the Villa Gringo Paradise website (the \u201cService\u201d). This page informs you of our policies regarding the collection, use and disclosure of Personal Information when you use our Service. We will not use or share your information with anyone except as described in this [&hellip;]<\/p>\n","protected":false},"author":1,"featured_media":0,"parent":0,"menu_order":0,"comment_status":"closed","ping_status":"closed","template":"","meta":{"footnotes":""},"class_list":["post-968","page","type-page","status-publish","hentry"],"_links":{"self":[{"href":"https:\/\/villagringo.com\/pt\/wp-json\/wp\/v2\/pages\/968","targetHints":{"allow":["GET"]}}],"collection":[{"href":"https:\/\/villagringo.com\/pt\/wp-json\/wp\/v2\/pages"}],"about":[{"href":"https:\/\/villagringo.com\/pt\/wp-json\/wp\/v2\/types\/page"}],"author":[{"embeddable":true,"href":"https:\/\/villagringo.com\/pt\/wp-json\/wp\/v2\/users\/1"}],"replies":[{"embeddable":true,"href":"https:\/\/villagringo.com\/pt\/wp-json\/wp\/v2\/comments?post=968"}],"version-history":[{"count":0,"href":"https:\/\/villagringo.com\/pt\/wp-json\/wp\/v2\/pages\/968\/revisions"}],"wp:attachment":[{"href":"https:\/\/villagringo.com\/pt\/wp-json\/wp\/v2\/media?parent=968"}],"curies":[{"name":"wp","href":"https:\/\/api.w.org\/{rel}","templated":true}]}}