{"id":985,"date":"2023-08-05T22:11:23","date_gmt":"2023-08-06T03:11:23","guid":{"rendered":"https:\/\/villagringo.com\/?page_id=985"},"modified":"2023-08-29T09:19:39","modified_gmt":"2023-08-29T14:19:39","slug":"terms-conditions","status":"publish","type":"page","link":"https:\/\/villagringo.com\/pt\/terms-conditions\/","title":{"rendered":"Termos e condi\u00e7\u00f5es"},"content":{"rendered":"<p><em>Atualizado a 29 de agosto de 2023<\/em><\/p>\n\n\n\n<p>Este s\u00edtio Web \u00e9 gerido pela Villa Gringo Paradise em nosso nome, em nome das empresas do nosso grupo, de parcerias internacionais e de organiza\u00e7\u00f5es afiliadas (\"n\u00f3s\", \"nosso\" ou \"nos\").<\/p>\n\n\n\n<h4 class=\"wp-block-heading\">ACEITA\u00c7\u00c3O DAS CONDI\u00c7\u00d5ES<\/h4>\n\n\n\n<p>Os seguintes termos e condi\u00e7\u00f5es (\"Termos e Condi\u00e7\u00f5es\") regem o seu acesso e utiliza\u00e7\u00e3o deste s\u00edtio Web e das aplica\u00e7\u00f5es m\u00f3veis relacionadas fornecidas por n\u00f3s, incluindo quaisquer conte\u00fados e servi\u00e7os oferecidos no ou atrav\u00e9s deste s\u00edtio Web e\/ou das aplica\u00e7\u00f5es (referidos coletivamente como o \"S\u00edtio Web\"). Ao utilizar o s\u00edtio Web, o utilizador aceita e concorda em seguir estes Termos e Condi\u00e7\u00f5es e a nossa Pol\u00edtica de Privacidade, que se encontra em <a href=\"https:\/\/villagringo.com\/pt\/privacy\/\">villagringo.com\/privacy<\/a>. Se o utilizador n\u00e3o concordar com estes Termos e Condi\u00e7\u00f5es ou com a Pol\u00edtica de Privacidade, n\u00e3o deve aceder ou utilizar o s\u00edtio Web.<\/p>\n\n\n\n<h4 class=\"wp-block-heading\">INFORMA\u00c7\u00d5ES SOBRE O UTILIZADOR E A SUA UTILIZA\u00c7\u00c3O DO S\u00cdTIO WEB<\/h4>\n\n\n\n<p>Ao utilizar o s\u00edtio Web, o utilizador autoriza-nos a utilizar as suas informa\u00e7\u00f5es em conformidade com a Pol\u00edtica de Privacidade. N\u00e3o o notificaremos de tais modifica\u00e7\u00f5es ou actualiza\u00e7\u00f5es.<\/p>\n\n\n\n<h4 class=\"wp-block-heading\">MODIFICA\u00c7\u00c3O DO S\u00cdTIO WEB<\/h4>\n\n\n\n<p>Podemos modificar ou atualizar o conte\u00fado deste Website periodicamente, mas o seu conte\u00fado pode n\u00e3o estar completo ou atualizado em qualquer altura.<\/p>\n\n\n\n<h4 class=\"wp-block-heading\">PROPRIEDADE E UTILIZA\u00c7\u00c3O DO S\u00cdTIO WEB E DAS INFORMA\u00c7\u00d5ES<\/h4>\n\n\n\n<p>Todos os direitos, t\u00edtulos e interesses relativos ao Website, incluindo, sem limita\u00e7\u00e3o, a informa\u00e7\u00e3o, produtos, materiais, software e servi\u00e7os nele contidos ou de outra forma fornecidos (coletivamente, a \"Informa\u00e7\u00e3o\") e todas as marcas registadas, nomes comerciais, log\u00f3tipos, marcas de servi\u00e7o, cabe\u00e7alhos de p\u00e1ginas, scripts e \u00edcones de bot\u00f5es (coletivamente, \"Propriedade Intelectual\") s\u00e3o propriedade de e detidos por Villa Gringo Paradise e est\u00e3o protegidos por direitos de autor, marcas registadas e outras leis. Exceto se expressamente previsto neste documento, nenhum direito, t\u00edtulo ou interesse no Website, Informa\u00e7\u00e3o ou Propriedade Intelectual \u00e9 transferido para o utilizador. Exceto para o seu uso pessoal e n\u00e3o comercial, conforme autorizado abaixo, nada contido nestes Termos ou no Website deve ser interpretado como concedendo, por implica\u00e7\u00e3o, preclus\u00e3o, ou de outra forma, qualquer licen\u00e7a ou direito de copiar, imitar, ou usar, no todo ou em parte, a Propriedade Intelectual ou Informa\u00e7\u00e3o, sem a autoriza\u00e7\u00e3o expressa por escrito da Villa Gringo Paradise. A c\u00f3pia ou utiliza\u00e7\u00e3o n\u00e3o autorizada de qualquer Propriedade Intelectual ou Informa\u00e7\u00e3o \u00e9 estritamente proibida. A Villa Gringo Paradise pode alterar o Website e\/ou a Informa\u00e7\u00e3o em qualquer altura sem aviso pr\u00e9vio, bem como negar ou limitar o acesso ao Website e\/ou \u00e0 Informa\u00e7\u00e3o, incluindo, sem limita\u00e7\u00e3o, se a Villa Gringo Paradise tomar conhecimento ou suspeitar da sua viola\u00e7\u00e3o destes Termos.<\/p>\n\n\n\n<p>Sujeito a estes Termos, a Villa Gringo Paradise concede-lhe por este meio um direito limitado, n\u00e3o exclusivo, revog\u00e1vel, n\u00e3o atribu\u00edvel, n\u00e3o transfer\u00edvel e n\u00e3o sublicenci\u00e1vel de utilizar o Website e a Informa\u00e7\u00e3o apenas para uso pessoal e n\u00e3o comercial que seja legal e de acordo com estes Termos. Qualquer outra utiliza\u00e7\u00e3o \u00e9 proibida, incluindo a divulga\u00e7\u00e3o, c\u00f3pia, distribui\u00e7\u00e3o e liga\u00e7\u00e3o (incluindo scraping, framing e deeplinking). Todos os direitos n\u00e3o expressamente concedidos nestes Termos s\u00e3o reservados e mantidos por Villa Gringo Paradise.<\/p>\n\n\n\n<p>Ao aceder e utilizar o s\u00edtio Web, o utilizador concorda em utilizar o s\u00edtio Web, as informa\u00e7\u00f5es e as funcionalidades associadas ao mesmo de acordo com estes Termos e com todas as leis, regras e regulamentos aplic\u00e1veis, e concorda ainda em n\u00e3o o fazer:<\/p>\n\n\n\n<ol class=\"wp-block-list\">\n<li>Utilizar a Informa\u00e7\u00e3o por qualquer motivo que n\u00e3o seja para uso pessoal e n\u00e3o comercial sem o consentimento expresso por escrito da Villa Gringo Paradise. Isto inclui copiar, descarregar, editar, fotografar, armazenar, transmitir, reproduzir, distribuir, criar trabalhos derivados ou publicar a Informa\u00e7\u00e3o ou Propriedade Intelectual para uso comercial, p\u00fablico ou outro uso n\u00e3o autorizado; ou tentar redistribuir, reutilizar ou modificar a Informa\u00e7\u00e3o para qualquer fim sem a autoriza\u00e7\u00e3o expressa por escrito de Villa Gringo Paradise.<\/li>\n\n\n\n<li>Lan\u00e7ar, transmitir, distribuir, promover ou de outra forma disponibilizar material de qualquer tipo que contenha, sem limita\u00e7\u00e3o, v\u00edrus ou qualquer outro c\u00f3digo inform\u00e1tico ou ficheiro ou programa concebido para interromper ou destruir ou limitar a funcionalidade de qualquer software ou hardware de computador ou outro equipamento associado ao Website, um cavalo de Troia, bombas-rel\u00f3gio, \"spiders\", worms, spyware, bots, \"leitores offline\", qualquer utiliza\u00e7\u00e3o automatizada do sistema, como scripts, ou outro componente prejudicial; ou interferir com, limitar ou perturbar o Website, a funcionalidade do mesmo, ou servidores ou redes ligadas ao Website; ou desobedecer a quaisquer requisitos, procedimentos, pol\u00edticas ou regulamentos de redes ligadas ao Website.<\/li>\n\n\n\n<li>Ter uma conduta que possa constituir uma infra\u00e7\u00e3o penal, dar origem a responsabilidade civil ou violar qualquer lei local, estatal, nacional ou internacional ou disponibilizar qualquer material que explore ou prejudique qualquer indiv\u00edduo, empresa ou outra entidade.<\/li>\n\n\n\n<li>Alugar, arrendar, emprestar ou vender o acesso ao Website a terceiros.<\/li>\n\n\n\n<li>Envolver-se em qualquer engenharia reversa, ou de outra forma tentar obter acesso n\u00e3o autorizado a redes de computadores ou servidores de Villa Gringo Paradise, o site, ou qualquer informa\u00e7\u00e3o, conte\u00fado ou dados associados a ele.<\/li>\n<\/ol>\n\n\n\n<p>A Villa Gringo Paradise n\u00e3o faz qualquer representa\u00e7\u00e3o de que os materiais contidos no S\u00edtio de Internet ou os produtos descritos ou oferecidos no S\u00edtio de Internet s\u00e3o apropriados ou est\u00e3o dispon\u00edveis para utiliza\u00e7\u00e3o fora das suas jurisdi\u00e7\u00f5es relevantes. Os visitantes que utilizam o Website e residem fora das jurisdi\u00e7\u00f5es relevantes fazem-no por sua pr\u00f3pria iniciativa e s\u00e3o respons\u00e1veis pelo cumprimento de todas as leis, se e na medida em que as leis locais s\u00e3o aplic\u00e1veis. O utilizador concorda que n\u00e3o aceder\u00e1 ao S\u00edtio a partir de qualquer territ\u00f3rio onde o seu conte\u00fado seja ilegal, e que o utilizador, e n\u00e3o Villa Gringo Paradise e as suas Partes Afiliadas, \u00e9 respons\u00e1vel pelo cumprimento das leis locais aplic\u00e1veis.<\/p>\n\n\n\n<p>Os Termos e Condi\u00e7\u00f5es do Website s\u00e3o efectivos a menos que e at\u00e9 serem terminados por si ou pela Villa Gringo Paradise. O utilizador pode rescindir este Acordo a qualquer momento, desde que interrompa qualquer utiliza\u00e7\u00e3o do Website. Villa Gringo Paradise tamb\u00e9m pode rescindir ou suspender estes Termos e Condi\u00e7\u00f5es do Website, a qualquer momento, sem aviso pr\u00e9vio, e, consequentemente, negar-lhe o acesso ao Website, por qualquer motivo, incluindo, sem limita\u00e7\u00e3o, se a Villa Gringo Paradise, a seu exclusivo crit\u00e9rio, n\u00e3o cumprir com qualquer termo ou disposi\u00e7\u00e3o destes Termos e Condi\u00e7\u00f5es do Website ou se a sua utiliza\u00e7\u00e3o for prejudicial para os interesses de outro utilizador ou da Villa Gringo Paradise e suas Partes Afiliadas.<\/p>\n\n\n\n<p>A presente sec\u00e7\u00e3o subsistir\u00e1 a qualquer rescis\u00e3o dos presentes Termos e Condi\u00e7\u00f5es do s\u00edtio Web.<\/p>\n\n\n\n<h4 class=\"wp-block-heading\">EXACTID\u00c3O E CONFIAN\u00c7A NAS INFORMA\u00c7\u00d5ES DO S\u00cdTIO WEB<\/h4>\n\n\n\n<p>As informa\u00e7\u00f5es apresentadas no ou atrav\u00e9s do s\u00edtio Web s\u00e3o disponibilizadas apenas para fins de informa\u00e7\u00e3o geral.<\/p>\n\n\n\n<p>N\u00e3o garantimos a exatid\u00e3o ou o car\u00e1cter exaustivo destas informa\u00e7\u00f5es e declinamos qualquer responsabilidade decorrente da confian\u00e7a depositada nessas informa\u00e7\u00f5es.<\/p>\n\n\n\n<p>Este s\u00edtio Web pode incluir conte\u00fados fornecidos por terceiros. Todas as declara\u00e7\u00f5es e opini\u00f5es de tais terceiros s\u00e3o da exclusiva responsabilidade da pessoa que fornece esses materiais e n\u00e3o reflectem necessariamente a opini\u00e3o de Villa Gringo Paradise.<\/p>\n\n\n\n<h4 class=\"wp-block-heading\">LIGA\u00c7\u00d5ES A PARTIR DO S\u00cdTIO WEB<\/h4>\n\n\n\n<p>Se o Web site contiver liga\u00e7\u00f5es para outros sites e recursos fornecidos por terceiros, essas liga\u00e7\u00f5es s\u00e3o fornecidas apenas para sua conveni\u00eancia. N\u00e3o temos qualquer controlo sobre o conte\u00fado desses sites ou recursos e n\u00e3o somos respons\u00e1veis por eles ou por quaisquer perdas ou danos que possam resultar da sua utiliza\u00e7\u00e3o. Se o utilizador decidir aceder a qualquer um dos s\u00edtios Web de terceiros ligados a este s\u00edtio Web, f\u00e1-lo-\u00e1 inteiramente por sua conta e risco e estar\u00e1 sujeito aos termos e condi\u00e7\u00f5es de utiliza\u00e7\u00e3o desses s\u00edtios Web.<\/p>\n\n\n\n<h4 class=\"wp-block-heading\">EXONERA\u00c7\u00c3O DE GARANTIAS<\/h4>\n\n\n\n<p>A UTILIZA\u00c7\u00c3O DO S\u00cdTIO WEB, DO SEU CONTE\u00daDO E DE QUAISQUER SERVI\u00c7OS OU ITENS OBTIDOS ATRAV\u00c9S DO S\u00cdTIO WEB \u00c9 FEITA POR SUA CONTA E RISCO. O S\u00cdTIO WEB, O SEU CONTE\u00daDO E QUAISQUER SERVI\u00c7OS OBTIDOS ATRAV\u00c9S DO S\u00cdTIO WEB S\u00c3O FORNECIDOS NUMA BASE \"TAL COMO EST\u00c1\", SEM QUAISQUER GARANTIAS DE QUALQUER TIPO, EXPRESSAS OU IMPL\u00cdCITAS. NEM HENRY DE LA PAZ NEM QUALQUER PESSOA ASSOCIADA \u00c0 VILLA GRINGO PARADISE OFERECE QUALQUER GARANTIA OU REPRESENTA\u00c7\u00c3O DE QUE O S\u00cdTIO WEB, O SEU CONTE\u00daDO OU QUAISQUER SERVI\u00c7OS OU ITENS OBTIDOS ATRAV\u00c9S DO S\u00cdTIO WEB SER\u00c3O EXACTOS, FI\u00c1VEIS, ISENTOS DE ERROS OU ININTERRUPTOS, QUE OS DEFEITOS SER\u00c3O CORRIGIDOS OU QUE O S\u00cdTIO WEB OU O SERVIDOR QUE O DISPONIBILIZA EST\u00c3O ISENTOS DE V\u00cdRUS OU OUTROS COMPONENTES PREJUDICIAIS.<\/p>\n\n\n\n<p>A VILLA GRINGO PARADISE REJEITA TODAS AS GARANTIAS DE QUALQUER TIPO, QUER SEJAM EXPRESSAS OU IMPL\u00cdCITAS, ESTATUT\u00c1RIAS OU OUTRAS, INCLUINDO MAS N\u00c3O SE LIMITANDO A QUAISQUER GARANTIAS DE COMERCIALIZA\u00c7\u00c3O, N\u00c3O INFRAC\u00c7\u00c3O E ADEQUA\u00c7\u00c3O A UM DETERMINADO FIM.<\/p>\n\n\n\n<p>ESTAS ISEN\u00c7\u00d5ES DE RESPONSABILIDADE N\u00c3O AFECTAM QUAISQUER GARANTIAS QUE N\u00c3O POSSAM SER EXCLU\u00cdDAS OU LIMITADAS AO ABRIGO DA LEGISLA\u00c7\u00c3O APLIC\u00c1VEL.<\/p>\n\n\n\n<h4 class=\"wp-block-heading\">LIMITA\u00c7\u00c3O DA RESPONSABILIDADE<\/h4>\n\n\n\n<p>EM NENHUMA CIRCUNST\u00c2NCIA A VILLA GRINGO PARADSIE OU QUAISQUER PESSOAS ASSOCIADAS \u00c0 VILLA GRINGO PARADISE SER\u00c3O RESPONS\u00c1VEIS POR DANOS DE QUALQUER TIPO, AO ABRIGO DE QUALQUER TEORIA LEGAL, RESULTANTES DE OU RELACIONADOS COM A SUA UTILIZA\u00c7\u00c3O, OU INCAPACIDADE DE UTILIZA\u00c7\u00c3O, DO S\u00cdTIO WEB, DE QUAISQUER S\u00cdTIOS WEB A ELE LIGADOS, DE QUALQUER CONTE\u00daDO DO S\u00cdTIO WEB OU DESSES OUTROS S\u00cdTIOS WEB OU DE QUAISQUER SERVI\u00c7OS OBTIDOS ATRAV\u00c9S DO S\u00cdTIO WEB OU DESSES OUTROS S\u00cdTIOS WEB, INCLUINDO QUAISQUER DANOS DIRECTOS, INDIRECTOS, ESPECIAIS, ACIDENTAIS, CONSEQUENCIAIS OU PUNITIVOS, INCLUINDO PERDA DE RECEITAS, PERDA DE LUCROS, PERDA DE NEG\u00d3CIOS OU POUPAN\u00c7AS ANTECIPADAS, PERDA DE UTILIZA\u00c7\u00c3O, PERDA DE REPUTA\u00c7\u00c3O OU PERDA DE DADOS.<\/p>\n\n\n\n<p>ESTAS LIMITA\u00c7\u00d5ES N\u00c3O AFECTAM QUALQUER RESPONSABILIDADE QUE N\u00c3O POSSA SER EXCLU\u00cdDA OU LIMITADA AO ABRIGO DA LEGISLA\u00c7\u00c3O APLIC\u00c1VEL.<\/p>\n\n\n\n<h4 class=\"wp-block-heading\">INDEMNIZA\u00c7\u00c3O<\/h4>\n\n\n\n<p>Voc\u00ea concorda em defender, indemnizar e isentar de responsabilidade Villa Gringo Paradise e suas afiliadas, e seus respectivos funcion\u00e1rios, diretores, empregados, contratados, agentes, licenciadores, sucessores e cession\u00e1rios de e contra quaisquer reivindica\u00e7\u00f5es, responsabilidades, danos, julgamentos, pr\u00eamios, perdas, custos, despesas ou taxas (incluindo honor\u00e1rios advocat\u00edcios razo\u00e1veis e outros custos legais) decorrentes de ou em conex\u00e3o com a sua viola\u00e7\u00e3o destes Termos e Condi\u00e7\u00f5es ou a sua utiliza\u00e7\u00e3o de qualquer informa\u00e7\u00e3o obtida a partir do site.<\/p>\n\n\n\n<h4 class=\"wp-block-heading\">REN\u00daNCIA E SEPARA\u00c7\u00c3O<\/h4>\n\n\n\n<p>Nenhuma ren\u00fancia por Villa Gringo Paradise de qualquer termo ou condi\u00e7\u00e3o estabelecida nestes Termos e Condi\u00e7\u00f5es ser\u00e1 considerada uma ren\u00fancia adicional ou cont\u00ednua de tal termo ou condi\u00e7\u00e3o ou uma ren\u00fancia de qualquer outro termo ou condi\u00e7\u00e3o, e qualquer falha de Villa Gringo Paradise para afirmar um direito ou disposi\u00e7\u00e3o sob estes Termos e Condi\u00e7\u00f5es n\u00e3o constituir\u00e1 uma ren\u00fancia de tal direito ou disposi\u00e7\u00e3o.<\/p>\n\n\n\n<p>Se qualquer disposi\u00e7\u00e3o dos presentes Termos e Condi\u00e7\u00f5es for considerada por um tribunal ou outro \u00f3rg\u00e3o jurisdicional competente como inv\u00e1lida, ilegal ou inexequ\u00edvel por qualquer motivo, essa disposi\u00e7\u00e3o ser\u00e1 eliminada ou limitada ao m\u00ednimo poss\u00edvel, de modo a que as restantes disposi\u00e7\u00f5es dos Termos e Condi\u00e7\u00f5es continuem em pleno vigor e efeito.<\/p>\n\n\n\n<h4 class=\"wp-block-heading\">LINGUAGEM DE ADVERT\u00caNCIA RELATIVA A DECLARA\u00c7\u00d5ES PROSPECTIVAS<\/h4>\n\n\n\n<p>Este s\u00edtio Web pode conter \"declara\u00e7\u00f5es prospectivas\", conforme definido nas Leis Federais de Valores Mobili\u00e1rios dos EUA. Estas declara\u00e7\u00f5es podem estar relacionadas com an\u00e1lises e outras informa\u00e7\u00f5es baseadas em previs\u00f5es de resultados futuros e estimativas de montantes ainda n\u00e3o determin\u00e1veis. Estas declara\u00e7\u00f5es podem tamb\u00e9m estar relacionadas com as nossas perspectivas futuras, desenvolvimentos e estrat\u00e9gias empresariais. Estas declara\u00e7\u00f5es prospectivas s\u00e3o feitas com base nas expectativas e convic\u00e7\u00f5es da nossa gest\u00e3o relativamente a acontecimentos futuros que nos afectam e est\u00e3o sujeitas a incertezas e factores relacionados com as nossas opera\u00e7\u00f5es e ambiente empresarial, todos eles dif\u00edceis de prever e muitos dos quais est\u00e3o fora do nosso controlo. Estas incertezas e factores podem fazer com que os nossos resultados reais difiram materialmente dos assuntos expressos ou impl\u00edcitos nestas declara\u00e7\u00f5es prospectivas. As declara\u00e7\u00f5es prospectivas referem-se apenas \u00e0 data em que s\u00e3o feitas. Villa Gringo Paradise n\u00e3o assume qualquer obriga\u00e7\u00e3o de atualizar as declara\u00e7\u00f5es prospectivas para refletir os resultados reais, altera\u00e7\u00f5es nos pressupostos ou altera\u00e7\u00f5es noutros factores que afectem a informa\u00e7\u00e3o prospetiva, exceto na medida exigida pelas leis de valores mobili\u00e1rios aplic\u00e1veis.<\/p>\n\n\n\n<h4 class=\"wp-block-heading\">JURISDI\u00c7\u00c3O<\/h4>\n\n\n\n<p>Villa Gringo Paradise supervisiona e mant\u00e9m este s\u00edtio Web a partir de San Antonio, Texas, nos Estados Unidos da Am\u00e9rica. Qualquer disputa ou reclama\u00e7\u00e3o relacionada com o Website e com estes Termos e Condi\u00e7\u00f5es ser\u00e1 regida pelas leis do Estado do Texas, sem dar efeito a qualquer escolha ou conflito de disposi\u00e7\u00f5es legais ou regras (quer do Estado do Texas ou de qualquer outra jurisdi\u00e7\u00e3o).<\/p>\n\n\n\n<p>Qualquer processo judicial, a\u00e7\u00e3o ou procedimento decorrente de, ou relacionado com, estes Termos e Condi\u00e7\u00f5es ou o Website dever\u00e1 ser institu\u00eddo exclusivamente nos tribunais federais dos Estados Unidos ou nos tribunais do Estado do Texas, em cada caso localizado na cidade de San Antonio. O utilizador renuncia a todas e quaisquer objec\u00e7\u00f5es ao exerc\u00edcio da jurisdi\u00e7\u00e3o sobre si por esses tribunais e ao foro desses tribunais.<\/p>\n\n\n\n<h4 class=\"wp-block-heading\">ACORDO INTEGRAL<\/h4>\n\n\n\n<p>Os Termos e Condi\u00e7\u00f5es e a Pol\u00edtica de Privacidade constituem o \u00fanico e completo acordo entre o utilizador e a Villa Gringo Paradise no que diz respeito ao S\u00edtio Web e substituem todos os entendimentos, acordos, representa\u00e7\u00f5es e garantias anteriores, tanto escritos como orais.<\/p>","protected":false},"excerpt":{"rendered":"<p>Updated August 29, 2023 This website is operated by Villa Gringo Paradise on behalf of ourselves, our group companies, international partnerships and affiliated organizations (\u201cwe\u201d, \u201cour\u201d or \u201cus\u201d). ACCEPTANCE OF TERMS The following terms and condtions (\u201cTerms And Conditions\u201d) govern your access to and use of this website and the related mobile applications provided by [&hellip;]<\/p>\n","protected":false},"author":1,"featured_media":0,"parent":0,"menu_order":0,"comment_status":"closed","ping_status":"closed","template":"","meta":{"footnotes":""},"class_list":["post-985","page","type-page","status-publish","hentry"],"_links":{"self":[{"href":"https:\/\/villagringo.com\/pt\/wp-json\/wp\/v2\/pages\/985","targetHints":{"allow":["GET"]}}],"collection":[{"href":"https:\/\/villagringo.com\/pt\/wp-json\/wp\/v2\/pages"}],"about":[{"href":"https:\/\/villagringo.com\/pt\/wp-json\/wp\/v2\/types\/page"}],"author":[{"embeddable":true,"href":"https:\/\/villagringo.com\/pt\/wp-json\/wp\/v2\/users\/1"}],"replies":[{"embeddable":true,"href":"https:\/\/villagringo.com\/pt\/wp-json\/wp\/v2\/comments?post=985"}],"version-history":[{"count":0,"href":"https:\/\/villagringo.com\/pt\/wp-json\/wp\/v2\/pages\/985\/revisions"}],"wp:attachment":[{"href":"https:\/\/villagringo.com\/pt\/wp-json\/wp\/v2\/media?parent=985"}],"curies":[{"name":"wp","href":"https:\/\/api.w.org\/{rel}","templated":true}]}}