{"id":826,"date":"2023-08-05T18:52:38","date_gmt":"2023-08-05T23:52:38","guid":{"rendered":"https:\/\/villagringo.com\/?page_id=826"},"modified":"2023-08-29T07:59:34","modified_gmt":"2023-08-29T12:59:34","slug":"reviews","status":"publish","type":"page","link":"https:\/\/villagringo.com\/tr\/reviews\/","title":{"rendered":"Yorumlar"},"content":{"rendered":"<div data-colibri-id=\"826-c1\" class=\"style-555 style-local-826-c1 position-relative\">\n  <!---->\n  <div data-colibri-component=\"section\" data-colibri-id=\"826-c2\" id=\"custom\" class=\"h-section h-section-global-spacing d-flex align-items-lg-center align-items-md-center align-items-center style-556 style-local-826-c2 position-relative\">\n    <!---->\n    <!---->\n    <div class=\"h-section-grid-container h-section-boxed-container\">\n      <!---->\n      <div data-colibri-id=\"826-c3\" class=\"h-row-container gutters-row-lg-2 gutters-row-md-2 gutters-row-0 gutters-row-v-lg-2 gutters-row-v-md-2 gutters-row-v-2 style-559 style-local-826-c3 position-relative\">\n        <!---->\n        <div class=\"h-row justify-content-lg-center justify-content-md-center justify-content-center align-items-lg-stretch align-items-md-stretch align-items-stretch gutters-col-lg-2 gutters-col-md-2 gutters-col-0 gutters-col-v-lg-2 gutters-col-v-md-2 gutters-col-v-2\">\n          <!---->\n          <div class=\"h-column h-column-container d-flex h-col-lg-auto h-col-md-auto h-col-auto style-560-outer style-local-826-c4-outer\">\n            <div data-colibri-id=\"826-c4\" class=\"d-flex h-flex-basis h-column__inner h-px-lg-2 h-px-md-2 h-px-2 v-inner-lg-2 v-inner-md-2 v-inner-2 style-560 style-local-826-c4 position-relative\">\n              <!---->\n              <!---->\n              <div class=\"w-100 h-y-container h-column__content h-column__v-align flex-basis-100 align-self-lg-start align-self-md-start align-self-start\">\n                <!---->\n                <div data-colibri-id=\"826-c5\" class=\"style-561 style-local-826-c5 position-relative h-element\">\n                  <!---->\n                  <div class=\"\">\n                    <div class=\"sk-ww-airbnb-reviews\" data-embed-id=\"186806\"><\/div>\n                    <script src=\"https:\/\/widgets.sociablekit.com\/airbnb-reviews\/widget.js\" async=\"\" defer=\"\"><\/script>\n                  <\/div>\n                <\/div>\n              <\/div>\n            <\/div>\n          <\/div>\n        <\/div>\n      <\/div>\n    <\/div>\n  <\/div>\n  <div data-colibri-component=\"section\" data-colibri-id=\"826-c6\" id=\"write-review\" class=\"h-section h-section-global-spacing d-flex align-items-lg-center align-items-md-center align-items-center style-565 style-local-826-c6 position-relative\">\n    <!---->\n    <!---->\n    <div class=\"h-section-grid-container h-section-boxed-container\">\n      <!---->\n      <div data-colibri-id=\"826-c7\" class=\"h-row-container gutters-row-lg-0 gutters-row-md-0 gutters-row-0 gutters-row-v-lg-0 gutters-row-v-md-0 gutters-row-v-0 style-574 style-local-826-c7 position-relative\">\n        <!---->\n        <div class=\"h-row justify-content-lg-center justify-content-md-center justify-content-center align-items-lg-stretch align-items-md-stretch align-items-stretch gutters-col-lg-0 gutters-col-md-0 gutters-col-0 gutters-col-v-lg-0 gutters-col-v-md-0 gutters-col-v-0\">\n          <!---->\n          <div class=\"h-column h-column-container d-flex h-col-lg-auto h-col-md-auto h-col-auto style-575-outer style-local-826-c8-outer\">\n            <div data-colibri-id=\"826-c8\" class=\"d-flex h-flex-basis h-column__inner h-px-lg-0 h-px-md-0 h-px-0 v-inner-lg-0 v-inner-md-0 v-inner-0 style-575 style-local-826-c8 position-relative\">\n              <!---->\n              <!---->\n              <div class=\"w-100 h-y-container h-column__content h-column__v-align flex-basis-100 align-self-lg-start align-self-md-start align-self-start\">\n                <!---->\n                <div data-colibri-id=\"826-c9\" class=\"h-global-transition-all h-heading style-576 style-local-826-c9 position-relative h-element\">\n                  <!---->\n                  <div class=\"h-heading__outer style-576 style-local-826-c9\">\n                    <!---->\n                    <!---->\n                    <h4 class=\"\">Bir inceleme g\u00f6nderin<\/h4>\n                  <\/div>\n                <\/div>\n              <\/div>\n            <\/div>\n          <\/div>\n        <\/div>\n      <\/div>\n      <div data-colibri-id=\"826-c10\" class=\"h-row-container gutters-row-lg-0 gutters-row-md-0 gutters-row-0 gutters-row-v-lg-0 gutters-row-v-md-0 gutters-row-v-0 style-566 style-local-826-c10 position-relative\">\n        <!---->\n        <div class=\"h-row justify-content-lg-center justify-content-md-center justify-content-center align-items-lg-stretch align-items-md-stretch align-items-stretch gutters-col-lg-0 gutters-col-md-0 gutters-col-0 gutters-col-v-lg-0 gutters-col-v-md-0 gutters-col-v-0\">\n          <!---->\n          <div class=\"h-column h-column-container d-flex h-col-lg-auto h-col-md-auto h-col-auto style-567-outer style-local-826-c11-outer\">\n            <div data-colibri-id=\"826-c11\" class=\"d-flex h-flex-basis h-column__inner h-px-lg-2 h-px-md-2 h-px-2 v-inner-lg-2 v-inner-md-2 v-inner-2 style-567 style-local-826-c11 position-relative\">\n              <!---->\n              <!---->\n              <div class=\"w-100 h-y-container h-column__content h-column__v-align flex-basis-auto align-self-lg-start align-self-md-start align-self-start\">\n                <!---->\n                <div data-colibri-id=\"826-c12\" class=\"h-icon style-573 style-local-826-c12 position-relative h-element\">\n                  <!----><span class=\"h-svg-icon h-icon__icon style-573-icon style-local-826-c12-icon\"><!--Icon by Font Awesome (https:\/\/fontawesome.com)-->\n    <svg version=\"1.1\" xmlns=\"http:\/\/www.w3.org\/2000\/svg\" xmlns:xlink=\"http:\/\/www.w3.org\/1999\/xlink\" id=\"pencil\" viewbox=\"0 0 1536 1896.0833\">\n      <path d=\"M363 1536l91-91-235-235-91 91v107h128v128h107zm523-928q0-22-22-22-10 0-17 7l-542 542q-7 7-7 17 0 22 22 22 10 0 17-7l542-542q7-7 7-17zm-54-192l416 416-832 832H0v-416zm683 96q0 53-37 90l-166 166-416-416 166-165q36-38 90-38 53 0 91 38l235 234q37 39 37 91z\"><\/path>\n    <\/svg><\/span><\/div>\n              <\/div>\n            <\/div>\n          <\/div>\n        <\/div>\n      <\/div>\n      <div data-colibri-id=\"826-c13\" class=\"h-row-container gutters-row-lg-2 gutters-row-md-2 gutters-row-2 gutters-row-v-lg-0 gutters-row-v-md-0 gutters-row-v-2 style-569 style-local-826-c13 position-relative\">\n        <!---->\n        <div class=\"h-row justify-content-lg-center justify-content-md-center justify-content-center align-items-lg-stretch align-items-md-stretch align-items-stretch gutters-col-lg-2 gutters-col-md-2 gutters-col-2 gutters-col-v-lg-0 gutters-col-v-md-0 gutters-col-v-2\">\n          <!---->\n          <div class=\"h-column h-column-container d-flex h-col-lg-auto h-col-md-auto h-col-auto style-570-outer style-local-826-c14-outer\">\n            <div data-colibri-id=\"826-c14\" class=\"d-flex h-flex-basis h-column__inner h-px-lg-2 h-px-md-2 h-px-2 v-inner-lg-2 v-inner-md-2 v-inner-2 style-570 style-local-826-c14 position-relative\">\n              <!---->\n              <!---->\n              <div class=\"w-100 h-y-container h-column__content h-column__v-align flex-basis-100 align-self-lg-start align-self-md-start align-self-start\">\n                <!---->\n                <div data-colibri-id=\"826-c15\" class=\"h-contact-form__outer--forminator style-571 style-local-826-c15 position-relative h-element\">\n                  <!---->\n                  <div class=\"h-global-transition-all h-global-transition h-global-transition-all h-contact-form-shortcode\"><div class=\"forminator-ui forminator-custom-form forminator-custom-form-930 forminator-design--default  forminator_ajax\" data-forminator-render=\"0\" data-form=\"forminator-module-930\" data-uid=\"69d223a0028ec\"><br\/><\/div><form\r\n\t\t\t\tid=\"forminator-module-930\"\r\n\t\t\t\tclass=\"forminator-ui forminator-custom-form forminator-custom-form-930 forminator-design--default  forminator_ajax\"\r\n\t\t\t\tmethod=\"post\"\r\n\t\t\t\tdata-forminator-render=\"0\"\r\n\t\t\t\tdata-form-id=\"930\"\r\n\t\t\t\t data-color-option=\"default\" data-design=\"default\" data-grid=\"open\" style=\"display: none;\"\r\n\t\t\t\tdata-uid=\"69d223a0028ec\" action=\"\"\r\n\t\t\t><div role=\"alert\" aria-live=\"polite\" class=\"forminator-response-message forminator-error\" aria-hidden=\"true\"><\/div><div class=\"forminator-row\"><div id=\"name-1\" class=\"forminator-field-name forminator-col forminator-col-12\"><div class=\"forminator-row forminator-no-margin\" data-multiple=\"true\"><div class=\"forminator-col forminator-col-md-6\"><div class=\"forminator-field\"><label for=\"forminator-field-first-name-1_69d223a0028ec\" id=\"forminator-field-first-name-1_69d223a0028ec-label\" class=\"forminator-label\">\u0130lk \u0130sim <span class=\"forminator-required\">*<\/span><\/label><input type=\"text\" name=\"name-1-first-name\" placeholder=\"\u00d6rne\u011fin John\" id=\"forminator-field-first-name-1_69d223a0028ec\" class=\"forminator-input\" aria-required=\"true\" data-multi=\"1\" autocomplete=\"given-name\" value=\"\" \/><\/div><\/div><div class=\"forminator-col forminator-col-md-6\"><div class=\"forminator-field\"><label for=\"forminator-field-last-name-1_69d223a0028ec\" id=\"forminator-field-last-name-1_69d223a0028ec-label\" class=\"forminator-label\">Soyad\u0131 <span class=\"forminator-required\">*<\/span><\/label><input type=\"text\" name=\"name-1-last-name\" placeholder=\"\u00d6rne\u011fin Doe\" id=\"forminator-field-last-name-1_69d223a0028ec\" class=\"forminator-input\" aria-required=\"true\" data-multi=\"1\" autocomplete=\"family-name\" value=\"\" \/><\/div><\/div><\/div><\/div><\/div><div class=\"forminator-row\"><div id=\"email-1\" class=\"forminator-field-email forminator-col forminator-col-12\"><div class=\"forminator-field\"><label for=\"forminator-field-email-1_69d223a0028ec\" id=\"forminator-field-email-1_69d223a0028ec-label\" class=\"forminator-label\">E-posta Adresi <span class=\"forminator-required\">*<\/span><\/label><input type=\"email\" name=\"email-1\" value=\"\" placeholder=\"\u00d6rne\u011fin john@doe.com\" id=\"forminator-field-email-1_69d223a0028ec\" class=\"forminator-input forminator-email--field\" data-required=\"1\" aria-required=\"true\" autocomplete=\"email\" \/><\/div><\/div><\/div><div class=\"forminator-row\"><div id=\"date-1\" class=\"forminator-field-date forminator-col forminator-col-6\"><div class=\"forminator-field\"><label for=\"forminator-field-date-1-picker_69d223a0028ec\" id=\"forminator-field-date-1-picker_69d223a0028ec-label\" class=\"forminator-label\">Giri\u015f Tarihi <span class=\"forminator-required\">*<\/span><\/label><div class=\"forminator-input-with-icon\"><span class=\"forminator-icon-calendar\" aria-hidden=\"true\"><\/span><input autocomplete=\"off\" type=\"text\" size=\"1\" name=\"date-1\" value=\"04\/05\/2026\" placeholder=\"Tarih Se\u00e7in\" id=\"forminator-field-date-1-picker_69d223a0028ec\" class=\"forminator-input forminator-datepicker\" data-required=\"1\" data-format=\"mm\/dd\/yy\" data-restrict-type=\"\" data-restrict=\"\" data-start-year=\"1926\" data-end-year=\"2126\" data-past-dates=\"enable\" data-start-of-week=\"1\" data-start-date=\"\" data-end-date=\"\" data-start-field=\"\" data-end-field=\"\" data-start-offset=\"\" data-end-offset=\"\" data-disable-date=\"\" data-disable-range=\"\" \/><\/div><\/div><\/div><div id=\"select-1\" class=\"forminator-field-select forminator-col forminator-col-6\"><div class=\"forminator-field\"><label for=\"forminator-form-930__field--select-1_69d223a0028ec\" id=\"forminator-form-930__field--select-1_69d223a0028ec-label\" class=\"forminator-label\">Y\u0131ld\u0131z De\u011ferlendirmesi <span class=\"forminator-required\">*<\/span><\/label><select  id=\"forminator-form-930__field--select-1_69d223a0028ec\" class=\"forminator-select--field forminator-select2 forminator-select2-multiple\" data-required=\"1\" name=\"select-1\" data-default-value=\"\" data-hidden-behavior=\"zero\" data-placeholder=\"Select\" data-search=\"false\" data-search-placeholder=\"Select\" data-checkbox=\"false\" data-allow-clear=\"false\" aria-labelledby=\"forminator-form-930__field--select-1_69d223a0028ec-label\"><option value=\"\"  >Se\u00e7iniz<\/option><option value=\"one\"  data-calculation=\"0\">\u2730<\/option><option value=\"two\"  data-calculation=\"0\">\u2730\u2730<\/option><option value=\"\u2730\u2730\u2730\"  data-calculation=\"0\">\u2730\u2730\u2730<\/option><option value=\"\u2730\u2730\u2730\u2730\"  data-calculation=\"0\">\u2730\u2730\u2730\u2730<\/option><option value=\"\u2730\u2730\u2730\u2730\u2730\"  data-calculation=\"0\">\u2730\u2730\u2730\u2730\u2730<\/option><\/select><\/div><\/div><\/div><div class=\"forminator-row\"><div id=\"textarea-1\" class=\"forminator-field-textarea forminator-col forminator-col-12\"><div class=\"forminator-field\"><label for=\"forminator-field-textarea-1_69d223a0028ec\" id=\"forminator-field-textarea-1_69d223a0028ec-label\" class=\"forminator-label\">Sizin Yorumunuz <span class=\"forminator-required\">*<\/span><\/label><textarea name=\"textarea-1\" placeholder=\"\" id=\"forminator-field-textarea-1_69d223a0028ec\" class=\"forminator-textarea\" rows=\"6\" style=\"min-height:140px;\" ><\/textarea><\/div><\/div><\/div><div class=\"forminator-row\"><div id=\"textarea-2\" class=\"forminator-field-textarea forminator-col forminator-col-12\"><div class=\"forminator-field\"><label for=\"forminator-field-textarea-2_69d223a0028ec\" id=\"forminator-field-textarea-2_69d223a0028ec-label\" class=\"forminator-label\">\u00d6zel Yorumlar (\u0130ste\u011fe Ba\u011fl\u0131)<\/label><textarea name=\"textarea-2\" placeholder=\"Kamuya a\u00e7\u0131k incelemenizden \u00e7\u0131kar\u0131lmas\u0131n\u0131 istedi\u011finiz, yaln\u0131zca mal sahiplerinin g\u00f6rece\u011fi \u00f6zel yorumlar\u0131n\u0131z var m\u0131?\" id=\"forminator-field-textarea-2_69d223a0028ec\" class=\"forminator-textarea\" rows=\"6\" style=\"min-height:140px;\" ><\/textarea><\/div><\/div><\/div><div class=\"forminator-row\"><div id=\"captcha-1\" class=\"forminator-field-captcha forminator-col forminator-col-12\"><div class=\"forminator-captcha-left forminator-g-recaptcha recaptcha-invisible\" data-theme=\"light\" data-badge=\"bottomright\" data-sitekey=\"6LfzRoAnAAAAAG5Hy9J0ivIocXx7cBv0c_ATvlzL\" data-size=\"invisible\"><\/div> <\/div><\/div><div class=\"forminator-row forminator-hidden\"><input type=\"hidden\" id=\"hidden-1_69d223a0028ec\" name=\"hidden-1\" value=\"216.73.216.0\" \/><\/div><input type=\"hidden\" name=\"referer_url\" value=\"\" \/><div class=\"forminator-row forminator-row-last\"><div class=\"forminator-col\"><div class=\"forminator-field\"><button class=\"forminator-button forminator-button-submit\">\u0130nceleme G\u00f6nder<\/button><\/div><\/div><\/div><input type=\"hidden\" id=\"forminator_nonce\" name=\"forminator_nonce\" value=\"a37e745413\" \/><input type=\"hidden\" name=\"_wp_http_referer\" value=\"\/tr\/wp-json\/wp\/v2\/pages\/826\" \/><input type=\"hidden\" name=\"form_id\" value=\"930\"><input type=\"hidden\" name=\"page_id\" value=\"826\"><input type=\"hidden\" name=\"form_type\" value=\"default\"><input type=\"hidden\" name=\"current_url\" value=\"https:\/\/villagringo.com\/tr\/reviews\/\"><input type=\"hidden\" name=\"render_id\" value=\"0\"><input type=\"hidden\" name=\"action\" value=\"forminator_submit_form_custom-forms\"><input type=\"hidden\" name=\"trp-form-language\" value=\"tr\"\/><\/form><\/div>\n                <\/div>\n              <\/div>\n            <\/div>\n          <\/div>\n        <\/div>\n      <\/div>\n    <\/div>\n  <\/div>\n<\/div>","protected":false},"excerpt":{"rendered":"<p>Bir inceleme g\u00f6nderin<\/p>","protected":false},"author":1,"featured_media":0,"parent":0,"menu_order":0,"comment_status":"closed","ping_status":"closed","template":"page-templates\/full-width-page.php","meta":{"footnotes":""},"class_list":["post-826","page","type-page","status-publish","hentry"],"_links":{"self":[{"href":"https:\/\/villagringo.com\/tr\/wp-json\/wp\/v2\/pages\/826","targetHints":{"allow":["GET"]}}],"collection":[{"href":"https:\/\/villagringo.com\/tr\/wp-json\/wp\/v2\/pages"}],"about":[{"href":"https:\/\/villagringo.com\/tr\/wp-json\/wp\/v2\/types\/page"}],"author":[{"embeddable":true,"href":"https:\/\/villagringo.com\/tr\/wp-json\/wp\/v2\/users\/1"}],"replies":[{"embeddable":true,"href":"https:\/\/villagringo.com\/tr\/wp-json\/wp\/v2\/comments?post=826"}],"version-history":[{"count":0,"href":"https:\/\/villagringo.com\/tr\/wp-json\/wp\/v2\/pages\/826\/revisions"}],"wp:attachment":[{"href":"https:\/\/villagringo.com\/tr\/wp-json\/wp\/v2\/media?parent=826"}],"curies":[{"name":"wp","href":"https:\/\/api.w.org\/{rel}","templated":true}]}}