{"id":968,"date":"2023-08-05T22:03:52","date_gmt":"2023-08-06T03:03:52","guid":{"rendered":"https:\/\/villagringo.com\/?page_id=968"},"modified":"2023-08-29T09:09:20","modified_gmt":"2023-08-29T14:09:20","slug":"privacy","status":"publish","type":"page","link":"https:\/\/villagringo.com\/tr\/privacy\/","title":{"rendered":"Gizlilik Politikas\u0131"},"content":{"rendered":"<p><em>Son G\u00fcncelleme 29 A\u011fustos 2023<\/em><\/p>\n\n\n\n<p>Villa Gringo Paradise (\"biz\", \"biz\" veya \"bizim\") Villa Gringo Paradise web sitesini (\"Hizmet\") i\u015fletmektedir.<\/p>\n\n\n\n<p>Bu sayfa, Hizmetimizi kulland\u0131\u011f\u0131n\u0131zda Ki\u015fisel Bilgilerin toplanmas\u0131, kullan\u0131lmas\u0131 ve if\u015fa edilmesine ili\u015fkin politikalar\u0131m\u0131z hakk\u0131nda sizi bilgilendirir.<\/p>\n\n\n\n<p>Bilgilerinizi bu Gizlilik Politikas\u0131nda a\u00e7\u0131klananlar d\u0131\u015f\u0131nda kullanmayacak veya kimseyle payla\u015fmayaca\u011f\u0131z.<\/p>\n\n\n\n<p>Ki\u015fisel Bilgilerinizi Hizmeti sa\u011flamak ve geli\u015ftirmek i\u00e7in kullan\u0131r\u0131z. Hizmeti kullanarak, bilgilerin bu politikaya uygun olarak toplanmas\u0131n\u0131 ve kullan\u0131lmas\u0131n\u0131 kabul etmi\u015f olursunuz. Bu Gizlilik Politikas\u0131nda aksi belirtilmedik\u00e7e, bu Gizlilik Politikas\u0131nda kullan\u0131lan terimler, a\u015fa\u011f\u0131daki adresten eri\u015filebilen \u015eartlar ve Ko\u015fullar\u0131m\u0131zdakilerle ayn\u0131 anlamlara sahiptir <a href=\"https:\/\/villagringo.com\/tr\/terms\/\">villagringo.com\/terms<\/a>.<\/p>\n\n\n\n<h4 class=\"wp-block-heading\">BI\u0307LGI\u0307 TOPLAMA VE KULLANMA<\/h4>\n\n\n\n<p>Hizmetimizi kullan\u0131rken, sizinle ileti\u015fim kurmak veya sizi tan\u0131mlamak i\u00e7in kullan\u0131labilecek belirli ki\u015fisel olarak tan\u0131mlanabilir bilgileri bize sa\u011flaman\u0131z\u0131 isteyebiliriz. Ki\u015fisel olarak tan\u0131mlanabilir bilgiler (\"Ki\u015fisel Bilgiler\") a\u015fa\u011f\u0131dakileri i\u00e7erebilir, ancak bunlarla s\u0131n\u0131rl\u0131 de\u011fildir:<\/p>\n\n\n\n<p>- \u0130sim<br>- E-posta adresi<br>- Telefon numaras\u0131<br>- Adres<br>- Nakliye ve Fatura adresi<\/p>\n\n\n\n<h4 class=\"wp-block-heading\">DUYARLI BILGI<\/h4>\n\n\n\n<p>Hassas bilgileri i\u015flemiyoruz.<\/p>\n\n\n\n<p>Sat\u0131n alma i\u015flemi yapt\u0131\u011f\u0131n\u0131zda, \u00f6deme arac\u0131 numaran\u0131z ve \u00f6deme arac\u0131n\u0131zla ili\u015fkili g\u00fcvenlik kodu gibi \u00f6demenizi i\u015fleme koymak i\u00e7in gerekli verileri toplayabiliriz. T\u00fcm \u00f6deme verileri Stripe taraf\u0131ndan saklan\u0131r. Gizlilik bildirimi ba\u011flant\u0131s\u0131n\u0131 burada bulabilirsiniz: <a href=\"https:\/\/stripe.com\/privacy\">stripe.com\/privacy<\/a><\/p>\n\n\n\n<p>Bize sa\u011flad\u0131\u011f\u0131n\u0131z t\u00fcm ki\u015fisel bilgiler ger\u00e7ek, eksiksiz ve do\u011fru olmal\u0131 ve bu t\u00fcr ki\u015fisel bilgilerdeki her t\u00fcrl\u00fc de\u011fi\u015fikli\u011fi bize bildirmelisiniz.<\/p>\n\n\n\n<h4 class=\"wp-block-heading\">LOG VER\u0130LER\u0130<\/h4>\n\n\n\n<p>Hizmetimizi her ziyaret etti\u011finizde taray\u0131c\u0131n\u0131z\u0131n g\u00f6nderdi\u011fi bilgileri toplar\u0131z (\"G\u00fcnl\u00fck Verileri\"). Bu G\u00fcnl\u00fck Verileri, bilgisayar\u0131n\u0131z\u0131n \u0130nternet Protokol\u00fc (\"IP\") adresi, taray\u0131c\u0131 t\u00fcr\u00fc, taray\u0131c\u0131 s\u00fcr\u00fcm\u00fc, Hizmetimizin ziyaret etti\u011finiz sayfalar\u0131, ziyaretinizin saati ve tarihi, bu sayfalarda ge\u00e7irilen s\u00fcre ve di\u011fer istatistikler gibi bilgileri i\u00e7erebilir.<\/p>\n\n\n\n<h4 class=\"wp-block-heading\">KURAB\u0130YELER<\/h4>\n\n\n\n<p>\u00c7erezler, anonim benzersiz bir tan\u0131mlay\u0131c\u0131 i\u00e7erebilen az miktarda veri i\u00e7eren dosyalard\u0131r. \u00c7erezler bir web sitesinden taray\u0131c\u0131n\u0131za g\u00f6nderilir ve bilgisayar\u0131n\u0131z\u0131n sabit diskinde saklan\u0131r.<\/p>\n\n\n\n<p>Bilgi toplamak i\u00e7in \"\u00e7erezler\" kullan\u0131yoruz. Taray\u0131c\u0131n\u0131za t\u00fcm \u00e7erezleri reddetmesi veya bir \u00e7erez g\u00f6nderildi\u011finde bunu belirtmesi talimat\u0131n\u0131 verebilirsiniz. Ancak, \u00e7erezleri kabul etmezseniz, Hizmetimizin baz\u0131 b\u00f6l\u00fcmlerini kullanamayabilirsiniz.<\/p>\n\n\n\n<h4 class=\"wp-block-heading\">HI\u0307ZMET SA\u011eLAYICILAR<\/h4>\n\n\n\n<p>Hizmetimizi kolayla\u015ft\u0131rmak, Hizmeti bizim ad\u0131m\u0131za sa\u011flamak, Hizmetle ilgili hizmetleri ger\u00e7ekle\u015ftirmek veya Hizmetimizin nas\u0131l kullan\u0131ld\u0131\u011f\u0131n\u0131 analiz etmemize yard\u0131mc\u0131 olmak i\u00e7in \u00fc\u00e7\u00fcnc\u00fc taraf \u015firketleri ve bireyleri istihdam edebiliriz.<\/p>\n\n\n\n<p>Bu \u00fc\u00e7\u00fcnc\u00fc taraflar Ki\u015fisel Bilgilerinize yaln\u0131zca bizim ad\u0131m\u0131za bu g\u00f6revleri yerine getirmek i\u00e7in eri\u015febilir ve bunlar\u0131 ba\u015fka herhangi bir ama\u00e7la if\u015fa etmemek veya kullanmamakla y\u00fck\u00fcml\u00fcd\u00fcr.<\/p>\n\n\n\n<h4 class=\"wp-block-heading\">G\u00dcVENL\u0130K<\/h4>\n\n\n\n<p>\u0130\u015fledi\u011fimiz ki\u015fisel bilgilerin g\u00fcvenli\u011fini korumak i\u00e7in tasarlanm\u0131\u015f uygun ve makul teknik ve organizasyonel g\u00fcvenlik \u00f6nlemleri uygulad\u0131k. Ancak, g\u00fcvenlik \u00f6nlemlerimize ve bilgilerinizi g\u00fcvence alt\u0131na alma \u00e7abalar\u0131m\u0131za ra\u011fmen, \u0130nternet \u00fczerinden hi\u00e7bir elektronik iletimin veya bilgi depolama teknolojisinin 100% g\u00fcvenli oldu\u011fu garanti edilemez, bu nedenle bilgisayar korsanlar\u0131n\u0131n, siber su\u00e7lular\u0131n veya di\u011fer yetkisiz \u00fc\u00e7\u00fcnc\u00fc taraflar\u0131n g\u00fcvenli\u011fimizi yenemeyece\u011fini ve bilgilerinizi uygunsuz bir \u015fekilde toplayamayaca\u011f\u0131n\u0131, eri\u015femeyece\u011fini, \u00e7alamayaca\u011f\u0131n\u0131 veya de\u011fi\u015ftiremeyece\u011fini garanti edemeyiz. Ki\u015fisel bilgilerinizi korumak i\u00e7in elimizden geleni yapacak olsak da, ki\u015fisel bilgilerin Hizmetlerimize ve Hizmetlerimizden iletilmesinin riski size aittir. Hizmetlere yaln\u0131zca g\u00fcvenli bir ortamda eri\u015fmelisiniz.<\/p>\n\n\n\n<h4 class=\"wp-block-heading\">DI\u011eER SITELERE BA\u011eLANTILAR<\/h4>\n\n\n\n<p>Hizmetimiz, bizim taraf\u0131m\u0131zdan i\u015fletilmeyen di\u011fer sitelere ba\u011flant\u0131lar i\u00e7erebilir. Bir \u00fc\u00e7\u00fcnc\u00fc taraf ba\u011flant\u0131s\u0131na t\u0131klarsan\u0131z, o \u00fc\u00e7\u00fcnc\u00fc taraf\u0131n sitesine y\u00f6nlendirilirsiniz. Ziyaret etti\u011finiz her sitenin Gizlilik Politikas\u0131n\u0131 incelemenizi \u00f6nemle tavsiye ederiz.<\/p>\n\n\n\n<p>\u00dc\u00e7\u00fcnc\u00fc taraf sitelerinin veya hizmetlerinin i\u00e7eri\u011fi, gizlilik politikalar\u0131 veya uygulamalar\u0131 \u00fczerinde hi\u00e7bir kontrol\u00fcm\u00fcz yoktur ve bunlar i\u00e7in hi\u00e7bir sorumluluk kabul etmiyoruz.<\/p>\n\n\n\n<h4 class=\"wp-block-heading\">\u00c7OCUKLARIN MAHREMIYETI<\/h4>\n\n\n\n<p>Hizmetimiz 18 ya\u015f\u0131n alt\u0131ndaki ki\u015filere (\"\u00c7ocuklar\") hitap etmemektedir.<\/p>\n\n\n\n<p>Bilerek 18 ya\u015f\u0131n alt\u0131ndaki \u00e7ocuklardan ki\u015fisel olarak tan\u0131mlanabilir bilgiler toplam\u0131yoruz. Bir ebeveyn veya veli iseniz ve \u00e7ocu\u011funuzun bize Ki\u015fisel Bilgiler sa\u011flad\u0131\u011f\u0131n\u0131 biliyorsan\u0131z, l\u00fctfen bizimle ileti\u015fime ge\u00e7in. E\u011fer 18 ya\u015f\u0131ndan k\u00fc\u00e7\u00fck bir \u00e7ocu\u011fun bize Ki\u015fisel Bilgi sa\u011flad\u0131\u011f\u0131n\u0131 tespit edersek, bu bilgileri derhal sunucular\u0131m\u0131zdan silece\u011fiz.<\/p>\n\n\n\n<h4 class=\"wp-block-heading\">YASALARA UYGUNLUK<\/h4>\n\n\n\n<p>Ki\u015fisel Bilgilerinizi yasalar veya mahkeme celbi taraf\u0131ndan gerekli g\u00f6r\u00fcld\u00fc\u011f\u00fcnde if\u015fa edece\u011fiz.<\/p>\n\n\n\n<h4 class=\"wp-block-heading\">BU GI\u0307ZLI\u0307LI\u0307K POLI\u0307TI\u0307KASINDAKI\u0307 DE\u011eI\u0307\u015eI\u0307KLI\u0307KLER<\/h4>\n\n\n\n<p>Gizlilik Politikam\u0131z\u0131 zaman zaman size bildirimde bulunmaks\u0131z\u0131n g\u00fcncelleyebiliriz. Herhangi bir de\u011fi\u015fiklik i\u00e7in bu Gizlilik Politikas\u0131n\u0131 periyodik olarak g\u00f6zden ge\u00e7irmeniz tavsiye edilir. Bu Gizlilik Politikas\u0131ndaki de\u011fi\u015fiklikler, bu sayfada yay\u0131nland\u0131klar\u0131nda y\u00fcr\u00fcrl\u00fc\u011fe girer.<\/p>\n\n\n\n<h4 class=\"wp-block-heading\">\u0130LET\u0130\u015e\u0130M<\/h4>\n\n\n\n<p>Bu Gizlilik Politikas\u0131 hakk\u0131nda herhangi bir sorunuz varsa, l\u00fctfen\u00a0<a href=\"https:\/\/villagringo.com\/tr\/contact\/\" target=\"_blank\" rel=\"noreferrer noopener\">Bize ula\u015f\u0131n<\/a>.<\/p>","protected":false},"excerpt":{"rendered":"<p>Last Updated:\u00a0August 29, 2023 Villa Gringo Paradise (\u201cus\u201d, \u201cwe\u201d, or \u201cour\u201d) operates the Villa Gringo Paradise website (the \u201cService\u201d). This page informs you of our policies regarding the collection, use and disclosure of Personal Information when you use our Service. We will not use or share your information with anyone except as described in this [&hellip;]<\/p>\n","protected":false},"author":1,"featured_media":0,"parent":0,"menu_order":0,"comment_status":"closed","ping_status":"closed","template":"","meta":{"footnotes":""},"class_list":["post-968","page","type-page","status-publish","hentry"],"_links":{"self":[{"href":"https:\/\/villagringo.com\/tr\/wp-json\/wp\/v2\/pages\/968","targetHints":{"allow":["GET"]}}],"collection":[{"href":"https:\/\/villagringo.com\/tr\/wp-json\/wp\/v2\/pages"}],"about":[{"href":"https:\/\/villagringo.com\/tr\/wp-json\/wp\/v2\/types\/page"}],"author":[{"embeddable":true,"href":"https:\/\/villagringo.com\/tr\/wp-json\/wp\/v2\/users\/1"}],"replies":[{"embeddable":true,"href":"https:\/\/villagringo.com\/tr\/wp-json\/wp\/v2\/comments?post=968"}],"version-history":[{"count":0,"href":"https:\/\/villagringo.com\/tr\/wp-json\/wp\/v2\/pages\/968\/revisions"}],"wp:attachment":[{"href":"https:\/\/villagringo.com\/tr\/wp-json\/wp\/v2\/media?parent=968"}],"curies":[{"name":"wp","href":"https:\/\/api.w.org\/{rel}","templated":true}]}}