{"id":970,"date":"2023-08-05T22:04:26","date_gmt":"2023-08-06T03:04:26","guid":{"rendered":"https:\/\/villagringo.com\/?page_id=970"},"modified":"2023-08-29T10:43:34","modified_gmt":"2023-08-29T15:43:34","slug":"about-us","status":"publish","type":"page","link":"https:\/\/villagringo.com\/tr\/about-us\/","title":{"rendered":"Hakk\u0131m\u0131zda"},"content":{"rendered":"<div data-colibri-id=\"970-c1\" class=\"style-674 style-local-970-c1 position-relative\">\n  <!---->\n  <div data-colibri-component=\"section\" data-colibri-id=\"970-c2\" id=\"custom\" class=\"h-section h-section-global-spacing d-flex align-items-lg-center align-items-md-center align-items-center style-675 style-local-970-c2 position-relative\">\n    <!---->\n    <!---->\n    <div class=\"h-section-grid-container h-section-boxed-container\">\n      <!---->\n      <div data-colibri-id=\"970-c3\" class=\"h-row-container gutters-row-lg-2 gutters-row-md-2 gutters-row-0 gutters-row-v-lg-2 gutters-row-v-md-2 gutters-row-v-2 style-680 style-local-970-c3 position-relative\">\n        <!---->\n        <div class=\"h-row justify-content-lg-center justify-content-md-center justify-content-center align-items-lg-stretch align-items-md-stretch align-items-stretch gutters-col-lg-2 gutters-col-md-2 gutters-col-0 gutters-col-v-lg-2 gutters-col-v-md-2 gutters-col-v-2\">\n          <!---->\n          <div class=\"h-column h-column-container d-flex h-col-lg-auto h-col-md-auto h-col-auto style-681-outer style-local-970-c4-outer\">\n            <div data-colibri-id=\"970-c4\" class=\"d-flex h-flex-basis h-column__inner h-px-lg-2 h-px-md-2 h-px-2 v-inner-lg-2 v-inner-md-2 v-inner-2 style-681 style-local-970-c4 position-relative\">\n              <!---->\n              <!---->\n              <div class=\"w-100 h-y-container h-column__content h-column__v-align flex-basis-100 align-self-lg-start align-self-md-start align-self-start\">\n                <!---->\n                <div data-colibri-id=\"970-c5\" class=\"h-global-transition-all h-heading style-682 style-local-970-c5 position-relative h-element\">\n                  <!---->\n                  <div class=\"h-heading__outer style-682 style-local-970-c5\">\n                    <!---->\n                    <!---->\n                    <h3 class=\"\">Ev Sahipleri<\/h3>\n                  <\/div>\n                <\/div>\n                <div data-colibri-id=\"970-c6\" class=\"h-global-transition-all h-heading style-684 style-local-970-c6 position-relative h-element\">\n                  <!---->\n                  <div class=\"h-heading__outer style-684 style-local-970-c6\">\n                    <!---->\n                    <!---->\n                    <h4 class=\"\">Scott &amp; Julie Lawlis<\/h4>\n                  <\/div>\n                <\/div>\n              <\/div>\n            <\/div>\n          <\/div>\n        <\/div>\n      <\/div>\n      <div data-colibri-id=\"970-c7\" class=\"h-row-container gutters-row-lg-2 gutters-row-md-2 gutters-row-0 gutters-row-v-lg-2 gutters-row-v-md-2 gutters-row-v-2 style-676 style-local-970-c7 position-relative\">\n        <!---->\n        <div class=\"h-row justify-content-lg-center justify-content-md-center justify-content-center align-items-lg-stretch align-items-md-stretch align-items-stretch gutters-col-lg-2 gutters-col-md-2 gutters-col-0 gutters-col-v-lg-2 gutters-col-v-md-2 gutters-col-v-2\">\n          <!---->\n          <div class=\"h-column h-column-container d-flex h-col-lg-auto h-col-md-auto h-col-auto style-677-outer style-local-970-c8-outer\">\n            <div data-colibri-id=\"970-c8\" class=\"d-flex h-flex-basis h-column__inner h-px-lg-2 h-px-md-2 h-px-2 v-inner-lg-2 v-inner-md-2 v-inner-2 style-677 style-local-970-c8 position-relative\">\n              <!---->\n              <!---->\n              <div class=\"w-100 h-y-container h-column__content h-column__v-align flex-basis-100 align-self-lg-start align-self-md-start align-self-start\">\n                <!---->\n                <div data-colibri-id=\"970-c9\" class=\"d-block style-679 style-local-970-c9 position-relative h-element\">\n                  <!---->\n                  <div class=\"h-image__frame-container-outer\">\n                    <div class=\"h-image__frame-container\">\n                      <!---->\n                      <!---->\n                      <img decoding=\"async\" width=\"1536\" height=\"1588\" data-src=\"https:\/\/villagringo.com\/wp-content\/uploads\/2023\/08\/mom-dad-circle.png\" class=\"wp-image-1276 style-679-image style-local-970-c9-image lazyload\" alt=\"\" src=\"data:image\/gif;base64,R0lGODlhAQABAAAAACH5BAEKAAEALAAAAAABAAEAAAICTAEAOw==\" style=\"--smush-placeholder-width: 1536px; --smush-placeholder-aspect-ratio: 1536\/1588;\" \/><noscript><img decoding=\"async\" width=\"1536\" height=\"1588\" src=\"https:\/\/villagringo.com\/wp-content\/uploads\/2023\/08\/mom-dad-circle.png\" class=\"wp-image-1276 style-679-image style-local-970-c9-image\" alt=\"\" \/><\/noscript>\n                      <div class=\"h-image__frame h-hide-lg h-hide-md h-hide-sm style-679-frameImage style-local-970-c9-frameImage\"><\/div>\n                    <\/div>\n                  <\/div>\n                <\/div>\n              <\/div>\n            <\/div>\n          <\/div>\n          <div class=\"h-column h-column-container d-flex h-col-lg-auto h-col-md-auto h-col-auto style-678-outer style-local-970-c10-outer\">\n            <div data-colibri-id=\"970-c10\" class=\"d-flex h-flex-basis h-column__inner h-px-lg-2 h-px-md-2 h-px-2 v-inner-lg-2 v-inner-md-2 v-inner-2 style-678 style-local-970-c10 position-relative\">\n              <!---->\n              <!---->\n              <div class=\"w-100 h-y-container h-column__content h-column__v-align flex-basis-100 align-self-lg-start align-self-md-start align-self-start\">\n                <!---->\n                <div data-colibri-id=\"970-c11\" class=\"h-text h-text-component style-683 style-local-970-c11 position-relative h-element\">\n                  <!---->\n                  <!---->\n                  <div class=\"\">\n                    <p>Blanco, Teksas'\u0131n kalbinde yer alan e\u015fim ve ben, gezme ve ke\u015ffetme tutkusuyla zenginle\u015fen bir hayat kurduk. Evlili\u011fimiz boyunca birlikte seyahat ettik ve farkl\u0131 manzaralarda bir an\u0131 mozai\u011fi yaratt\u0131k.\n                      \u015eu anda d\u00fcnyada kendi yollar\u0131n\u0131 \u00e7izen yeti\u015fkinler olan iki inan\u0131lmaz o\u011flun gururlu ebeveynleriyiz.&nbsp;<\/p>\n                    <p>K\u0131sa bir s\u00fcre \u00f6nce yeni bir maceraya at\u0131ld\u0131k - kalbimizi ba\u015fka hi\u00e7bir yerde olmad\u0131\u011f\u0131 kadar fetheden Kosta Rika'daki b\u00fcy\u00fcleyici villam\u0131z\u0131 kiralayarak ev sahibi olduk. Yirmi y\u0131l\u0131 a\u015fk\u0131n bir s\u00fcredir, Kosta Rika'n\u0131n nefes kesici do\u011fal g\u00fczelli\u011fi\n                      Yemye\u015fil ya\u011fmur ormanlar\u0131ndan \u0131\u015f\u0131lt\u0131l\u0131 sahil \u015feritlerine kadar bizi b\u00fcy\u00fcledi. Ancak bizi b\u00fcy\u00fcleyen sadece \u00fclkenin do\u011fal manzaralar\u0131 de\u011fil. \u0130nsanlar\u0131n\u0131n s\u0131cakl\u0131\u011f\u0131 ve misafirperverli\u011fi bizi s\u00fcrekli olarak evimizde hissettirdi ve\n                      Burada hissetti\u011fimiz g\u00fcvenli\u011fin e\u015fi benzeri yok.&nbsp;<\/p>\n                    <p>Kosta Rika cennetimizi ba\u015fkalar\u0131yla payla\u015fmay\u0131 se\u00e7erek, bu g\u00fczel \u00fclkenin y\u0131llar boyunca bize sundu\u011fu huzur ve ne\u015fenin bir par\u00e7as\u0131n\u0131 yaymay\u0131 umuyoruz.<\/p>\n                  <\/div>\n                <\/div>\n                <div data-colibri-id=\"970-c12\" class=\"h-x-container style-687 style-local-970-c12 position-relative h-element\">\n                  <!---->\n                  <div class=\"h-x-container-inner style-dynamic-970-c12-group style-687-spacing style-local-970-c12-spacing\"><span class=\"h-button__outer style-688-outer style-local-970-c13-outer d-inline-flex h-element\"><a h-use-smooth-scroll=\"true\" href=\"https:\/\/villagringo.com\/tr\/contact\/\"  data-colibri-id=\"970-c13\" class=\"d-flex w-100 align-items-center h-button justify-content-lg-center justify-content-md-center justify-content-center style-688 style-local-970-c13 position-relative\"><!----><!----> <span>Bize Ula\u015f\u0131n<\/span><\/a>\n                    <\/span>\n                  <\/div>\n                <\/div>\n              <\/div>\n            <\/div>\n          <\/div>\n        <\/div>\n      <\/div>\n    <\/div>\n  <\/div>\n<\/div>","protected":false},"excerpt":{"rendered":"<p>The Hosts Scott &amp; Julie Lawlis Nestled in the heart of Blanco, Texas, my wife and I have made a life enriched by wanderlust and exploration. Throughout the tapestry of our marriage, we&#8217;ve journeyed together, creating a mosaic of memories across diverse landscapes. We&#8217;re proud parents to two incredible sons, who are now adults carving [&hellip;]<\/p>\n","protected":false},"author":1,"featured_media":0,"parent":0,"menu_order":0,"comment_status":"closed","ping_status":"closed","template":"page-templates\/full-width-page.php","meta":{"footnotes":""},"class_list":["post-970","page","type-page","status-publish","hentry"],"_links":{"self":[{"href":"https:\/\/villagringo.com\/tr\/wp-json\/wp\/v2\/pages\/970","targetHints":{"allow":["GET"]}}],"collection":[{"href":"https:\/\/villagringo.com\/tr\/wp-json\/wp\/v2\/pages"}],"about":[{"href":"https:\/\/villagringo.com\/tr\/wp-json\/wp\/v2\/types\/page"}],"author":[{"embeddable":true,"href":"https:\/\/villagringo.com\/tr\/wp-json\/wp\/v2\/users\/1"}],"replies":[{"embeddable":true,"href":"https:\/\/villagringo.com\/tr\/wp-json\/wp\/v2\/comments?post=970"}],"version-history":[{"count":0,"href":"https:\/\/villagringo.com\/tr\/wp-json\/wp\/v2\/pages\/970\/revisions"}],"wp:attachment":[{"href":"https:\/\/villagringo.com\/tr\/wp-json\/wp\/v2\/media?parent=970"}],"curies":[{"name":"wp","href":"https:\/\/api.w.org\/{rel}","templated":true}]}}