{"id":985,"date":"2023-08-05T22:11:23","date_gmt":"2023-08-06T03:11:23","guid":{"rendered":"https:\/\/villagringo.com\/?page_id=985"},"modified":"2023-08-29T09:19:39","modified_gmt":"2023-08-29T14:19:39","slug":"terms-conditions","status":"publish","type":"page","link":"https:\/\/villagringo.com\/tr\/terms-conditions\/","title":{"rendered":"\u015eartlar ve Ko\u015fullar"},"content":{"rendered":"<p><em>G\u00fcncellenmi\u015f 29 A\u011fustos 2023<\/em><\/p>\n\n\n\n<p>Bu web sitesi Villa Gringo Paradise taraf\u0131ndan kendimiz, grup \u015firketlerimiz, uluslararas\u0131 ortakl\u0131klar\u0131m\u0131z ve ba\u011fl\u0131 kurulu\u015flar\u0131m\u0131z (\"biz\", \"bizim\" veya \"bize\") ad\u0131na i\u015fletilmektedir.<\/p>\n\n\n\n<h4 class=\"wp-block-heading\">\u015eARTLARIN KABUL\u00dc<\/h4>\n\n\n\n<p>A\u015fa\u011f\u0131daki h\u00fck\u00fcm ve ko\u015fullar (\"H\u00fck\u00fcm ve Ko\u015fullar\"), bu web sitesi ve\/veya uygulamalar (topluca \"Web Sitesi\" olarak an\u0131lacakt\u0131r) \u00fczerinde veya bunlar arac\u0131l\u0131\u011f\u0131yla sunulan her t\u00fcrl\u00fc i\u00e7erik ve hizmet dahil olmak \u00fczere, bu web sitesine ve taraf\u0131m\u0131zdan sa\u011flanan ilgili mobil uygulamalara eri\u015fiminizi ve bunlar\u0131 kullan\u0131m\u0131n\u0131z\u0131 y\u00f6netir. Web Sitesini kullanarak, a\u015fa\u011f\u0131daki adreste bulunan bu H\u00fck\u00fcm ve Ko\u015fullar\u0131 ve Gizlilik Politikam\u0131z\u0131 kabul etmi\u015f ve bunlara uymay\u0131 kabul etmi\u015f olursunuz <a href=\"https:\/\/villagringo.com\/tr\/privacy\/\">villagringo.com\/gizlilik<\/a>. Bu H\u00fck\u00fcm ve Ko\u015fullar\u0131 veya Gizlilik Politikas\u0131n\u0131 kabul etmiyorsan\u0131z, Web Sitesine eri\u015fmemeli veya Web Sitesini kullanmamal\u0131s\u0131n\u0131z.<\/p>\n\n\n\n<h4 class=\"wp-block-heading\">SIZINLE VE WEB SITESINI KULLANIMINIZLA ILGILI BILGILER<\/h4>\n\n\n\n<p>Web Sitesini kullanarak, bilgilerinizi Gizlilik Politikas\u0131na uygun olarak kullanmam\u0131za izin vermi\u015f olursunuz. Bu t\u00fcr de\u011fi\u015fiklikleri veya g\u00fcncellemeleri size bildirmeyece\u011fiz.<\/p>\n\n\n\n<h4 class=\"wp-block-heading\">WEB SI\u0307TESI\u0307NI\u0307N DE\u011eI\u0307\u015eTI\u0307RI\u0307LMESI\u0307<\/h4>\n\n\n\n<p>Bu Web Sitesindeki i\u00e7eri\u011fi zaman zaman de\u011fi\u015ftirebilir veya g\u00fcncelleyebiliriz, ancak i\u00e7eri\u011fi herhangi bir zamanda eksiksiz veya g\u00fcncel olmayabilir.<\/p>\n\n\n\n<h4 class=\"wp-block-heading\">WEB SI\u0307TESI\u0307 VE BI\u0307LGI\u0307LERI\u0307N SAHI\u0307PLI\u0307\u011eI\u0307 VE KULLANIMI<\/h4>\n\n\n\n<p>S\u0131n\u0131rlama olmaks\u0131z\u0131n, burada yer alan veya ba\u015fka bir \u015fekilde sa\u011flanan bilgiler, \u00fcr\u00fcnler, materyaller, yaz\u0131l\u0131m ve hizmetler (topluca \"Bilgiler\") ve t\u00fcm ticari markalar, ticari adlar, logolar, hizmet markalar\u0131, sayfa ba\u015fl\u0131klar\u0131, komut dosyalar\u0131 ve d\u00fc\u011fme simgeleri (topluca \"Fikri M\u00fclkiyet\") dahil olmak \u00fczere Web Sitesi ile ilgili t\u00fcm haklar, unvanlar ve menfaatler Villa Gringo Paradise'\u0131n m\u00fclkiyetindedir ve ona aittir ve telif hakk\u0131, ticari marka ve di\u011fer yasalarla korunmaktad\u0131r. Burada a\u00e7\u0131k\u00e7a belirtilmedi\u011fi s\u00fcrece, Web Sitesi, Bilgi veya Fikri M\u00fclkiyet \u00fczerindeki hi\u00e7bir hak, m\u00fclkiyet veya menfaat size devredilmez. A\u015fa\u011f\u0131da izin verilen ki\u015fisel ve ticari olmayan kullan\u0131m\u0131n\u0131z d\u0131\u015f\u0131nda, bu Ko\u015fullarda veya Web Sitesinde yer alan hi\u00e7bir \u015fey, Villa Gringo Paradise'\u0131n a\u00e7\u0131k yaz\u0131l\u0131 izni olmadan, Fikri M\u00fclkiyet veya Bilgiyi tamamen veya k\u0131smen kopyalamak, taklit etmek veya kullanmak i\u00e7in herhangi bir lisans veya hak verdi\u011fi \u015feklinde yorumlanmamal\u0131d\u0131r. Herhangi bir Fikri M\u00fclkiyetin veya Bilginin izinsiz kopyalanmas\u0131 veya kullan\u0131lmas\u0131 kesinlikle yasakt\u0131r. Villa Gringo Paradise, Web Sitesini ve\/veya Bilgileri size \u00f6nceden bildirimde bulunmaks\u0131z\u0131n herhangi bir zamanda de\u011fi\u015ftirebilir ve Villa Gringo Paradise'\u0131n bu Ko\u015fullar\u0131 ihlal etti\u011finizi \u00f6\u011frenmesi veya bundan \u015f\u00fcphelenmesi dahil ancak bunlarla s\u0131n\u0131rl\u0131 olmamak \u00fczere Web Sitesine ve\/veya Bilgilere eri\u015fimi reddedebilir veya s\u0131n\u0131rlayabilir.<\/p>\n\n\n\n<p>Bu \u015eartlara tabi olarak, Villa Gringo Paradise size Web Sitesini ve Bilgileri yaln\u0131zca yasal ve bu \u015eartlara uygun olarak ki\u015fisel ve ticari olmayan kullan\u0131m i\u00e7in s\u0131n\u0131rl\u0131, m\u00fcnhas\u0131r olmayan, geri al\u0131nabilir, devredilemez ve alt lisans verilemez bir hak verir. \u0130f\u015fa, kopyalama, da\u011f\u0131t\u0131m ve ba\u011flant\u0131 (kaz\u0131ma, \u00e7er\u00e7eveleme ve derin ba\u011flant\u0131 dahil) dahil olmak \u00fczere di\u011fer t\u00fcm kullan\u0131mlar yasakt\u0131r. Bu Ko\u015fullarda a\u00e7\u0131k\u00e7a verilmeyen t\u00fcm haklar Villa Gringo Paradise taraf\u0131ndan sakl\u0131 tutulur ve korunur.<\/p>\n\n\n\n<p>Web Sitesine eri\u015ferek ve Web Sitesini kullanarak, Web Sitesini, Bilgileri ve bunlarla ili\u015fkili \u00f6zellikleri bu Ko\u015fullara ve y\u00fcr\u00fcrl\u00fckteki t\u00fcm yasalara, kurallara ve d\u00fczenlemelere uygun olarak kullanmay\u0131 ve ayr\u0131ca \u015funlar\u0131 yapmayaca\u011f\u0131n\u0131z\u0131 kabul edersiniz:<\/p>\n\n\n\n<ol class=\"wp-block-list\">\n<li>Villa Gringo Paradise'\u0131n a\u00e7\u0131k yaz\u0131l\u0131 izni olmadan Bilgileri ki\u015fisel ve ticari olmayan kullan\u0131m d\u0131\u015f\u0131nda herhangi bir nedenle kullanmak. Bu, ticari, kamusal veya di\u011fer yetkisiz kullan\u0131m i\u00e7in Bilgilerin veya Fikri M\u00fclkiyetin kopyalanmas\u0131n\u0131, indirilmesini, d\u00fczenlenmesini, foto\u011fraflanmas\u0131n\u0131, depolanmas\u0131n\u0131, iletilmesini, \u00e7o\u011falt\u0131lmas\u0131n\u0131, da\u011f\u0131t\u0131lmas\u0131n\u0131, t\u00fcrev \u00e7al\u0131\u015fmalar olu\u015fturulmas\u0131n\u0131 veya yay\u0131nlanmas\u0131n\u0131 i\u00e7erir; veya Villa Gringo Paradise'\u0131n a\u00e7\u0131k yaz\u0131l\u0131 izni olmadan herhangi bir ama\u00e7la Bilgileri yeniden da\u011f\u0131tmaya, yeniden kullanmaya veya de\u011fi\u015ftirmeye te\u015febb\u00fcs etmek.<\/li>\n\n\n\n<li>Vir\u00fcsler veya herhangi bir bilgisayar yaz\u0131l\u0131m\u0131n\u0131n veya donan\u0131m\u0131n\u0131n veya Web Sitesi ile ili\u015fkili di\u011fer ekipmanlar\u0131n i\u015flevselli\u011fini kesintiye u\u011fratmak veya yok etmek veya s\u0131n\u0131rlamak i\u00e7in tasarlanm\u0131\u015f ba\u015fka bir bilgisayar kodu veya dosyas\u0131 veya program\u0131, Truva at\u0131, saatli bombalar, \"\u00f6r\u00fcmcekler\", solucanlar, casus yaz\u0131l\u0131mlar, botlar, \"\u00e7evrimd\u0131\u015f\u0131 okuyucular\", komut dosyalar\u0131 gibi sistemin otomatik kullan\u0131m\u0131 veya di\u011fer zararl\u0131 bile\u015fenleri i\u00e7eren ancak bunlarla s\u0131n\u0131rl\u0131 olmayan her t\u00fcrl\u00fc materyali ba\u015flatmak, iletmek, da\u011f\u0131tmak, tan\u0131tmak veya ba\u015fka bir \u015fekilde kullan\u0131ma sunmak; veya Web Sitesine, i\u015flevselli\u011fine veya Web Sitesine ba\u011fl\u0131 sunuculara veya a\u011flara m\u00fcdahale eden, bunlar\u0131 s\u0131n\u0131rlayan veya bozan; veya Web Sitesine ba\u011fl\u0131 a\u011flar\u0131n gereksinimlerine, prosed\u00fcrlerine, politikalar\u0131na veya d\u00fczenlemelerine uymayan.<\/li>\n\n\n\n<li>Cezai bir su\u00e7 te\u015fkil edecek, hukuki sorumluluk do\u011furacak veya herhangi bir yerel, eyalet, ulusal veya uluslararas\u0131 yasay\u0131 ihlal edecek davran\u0131\u015flarda bulunmak veya herhangi bir bireyi, \u015firketi veya ba\u015fka bir kurulu\u015fu istismar eden veya zarar veren herhangi bir materyali kullan\u0131ma sunmak.<\/li>\n\n\n\n<li>Web Sitesine eri\u015fimi herhangi bir \u00fc\u00e7\u00fcnc\u00fc tarafa kiralamak, \u00f6d\u00fcn\u00e7 vermek veya satmak.<\/li>\n\n\n\n<li>Villa Gringo Paradise'\u0131n bilgisayar a\u011flar\u0131na veya sunucular\u0131na, Web Sitesine veya bunlarla ili\u015fkili herhangi bir Bilgi, i\u00e7erik veya veriye tersine m\u00fchendislik yapmak veya ba\u015fka bir \u015fekilde yetkisiz eri\u015fim elde etmeye \u00e7al\u0131\u015fmak.<\/li>\n<\/ol>\n\n\n\n<p>Villa Gringo Paradise, Web Sitesinde yer alan materyallerin veya Web Sitesinde a\u00e7\u0131klanan veya sunulan \u00fcr\u00fcnlerin ilgili yarg\u0131 b\u00f6lgeleri d\u0131\u015f\u0131nda kullan\u0131m i\u00e7in uygun veya mevcut oldu\u011funa dair hi\u00e7bir beyanda bulunmaz. Web Sitesini kullanan ve ilgili yarg\u0131 b\u00f6lgelerinin d\u0131\u015f\u0131nda ikamet eden ziyaret\u00e7iler, bunu kendi inisiyatifleriyle yaparlar ve yerel yasalar ge\u00e7erliyse ve ge\u00e7erli oldu\u011fu \u00f6l\u00e7\u00fcde t\u00fcm yasalara uymaktan sorumludurlar. Web Sitesine, i\u00e7eri\u011finin yasa d\u0131\u015f\u0131 oldu\u011fu herhangi bir b\u00f6lgeden eri\u015fmeyece\u011finizi ve ge\u00e7erli yerel yasalara uymaktan Villa Gringo Paradise ve Ba\u011fl\u0131 Taraflar\u0131n\u0131n de\u011fil, sizin sorumlu oldu\u011funuzu kabul edersiniz.<\/p>\n\n\n\n<p>Web Sitesi H\u00fck\u00fcm ve Ko\u015fullar\u0131, siz veya Villa Gringo Paradise taraf\u0131ndan feshedilmedik\u00e7e ve feshedilene kadar ge\u00e7erlidir. Web Sitesini daha fazla kullanmay\u0131 b\u0131rakman\u0131z ko\u015fuluyla, bu S\u00f6zle\u015fmeyi istedi\u011finiz zaman feshedebilirsiniz. Villa Gringo Paradise ayr\u0131ca, Villa Gringo Paradise'\u0131n kendi takdirine ba\u011fl\u0131 olarak bu Web Sitesi H\u00fck\u00fcm ve Ko\u015fullar\u0131n\u0131n herhangi bir \u015fart\u0131na veya h\u00fckm\u00fcne uymaman\u0131z veya kullan\u0131m\u0131n\u0131z\u0131n ba\u015fka bir kullan\u0131c\u0131n\u0131n veya Villa Gringo Paradise ve Ba\u011fl\u0131 Taraflar\u0131n\u0131n \u00e7\u0131karlar\u0131na zarar vermesi dahil ancak bunlarla s\u0131n\u0131rl\u0131 olmamak \u00fczere herhangi bir nedenle, bu Web Sitesi H\u00fck\u00fcm ve Ko\u015fullar\u0131n\u0131 herhangi bir zamanda, bildirimde bulunmaks\u0131z\u0131n feshedebilir veya ask\u0131ya alabilir ve buna ba\u011fl\u0131 olarak Web Sitesine eri\u015fiminizi reddedebilir.<\/p>\n\n\n\n<p>Bu B\u00f6l\u00fcm, bu Web Sitesi H\u00fck\u00fcm ve Ko\u015fullar\u0131n\u0131n feshinden sonra da ge\u00e7erlili\u011fini koruyacakt\u0131r.<\/p>\n\n\n\n<h4 class=\"wp-block-heading\">WEB SI\u0307TESI\u0307 BI\u0307LGI\u0307LERI\u0307NI\u0307N DO\u011eRULU\u011eU VE BUNLARA G\u00dcVENME<\/h4>\n\n\n\n<p>Web Sitesinde veya Web Sitesi arac\u0131l\u0131\u011f\u0131yla sunulan bilgiler yaln\u0131zca genel bilgilendirme ama\u00e7l\u0131d\u0131r.<\/p>\n\n\n\n<p>Bu bilgilerin do\u011frulu\u011funu veya eksiksizli\u011fini garanti etmiyoruz ve bu bilgilere g\u00fcvenilmesinden kaynaklanan t\u00fcm sorumluluk ve y\u00fck\u00fcml\u00fcl\u00fckleri reddediyoruz.<\/p>\n\n\n\n<p>Bu Web Sitesi \u00fc\u00e7\u00fcnc\u00fc \u015fah\u0131slar taraf\u0131ndan sa\u011flanan i\u00e7erikleri i\u00e7erebilir. Bu t\u00fcr \u00fc\u00e7\u00fcnc\u00fc taraflar\u0131n t\u00fcm ifadeleri ve g\u00f6r\u00fc\u015fleri yaln\u0131zca bu materyalleri sa\u011flayan ki\u015finin sorumlulu\u011fundad\u0131r ve Villa Gringo Paradise'\u0131n g\u00f6r\u00fc\u015f\u00fcn\u00fc yans\u0131tmak zorunda de\u011fildir.<\/p>\n\n\n\n<h4 class=\"wp-block-heading\">WEB SI\u0307TESI\u0307NDEN BA\u011eLANTILAR<\/h4>\n\n\n\n<p>Web Sitesi \u00fc\u00e7\u00fcnc\u00fc taraflarca sa\u011flanan di\u011fer sitelere ve kaynaklara ba\u011flant\u0131lar i\u00e7eriyorsa, bu ba\u011flant\u0131lar yaln\u0131zca size kolayl\u0131k sa\u011flamak i\u00e7in sa\u011flanm\u0131\u015ft\u0131r. Bu sitelerin veya kaynaklar\u0131n i\u00e7eri\u011fi \u00fczerinde hi\u00e7bir kontrol\u00fcm\u00fcz yoktur ve bunlardan veya bunlar\u0131 kullanman\u0131zdan kaynaklanabilecek herhangi bir kay\u0131p veya hasardan sorumlu de\u011filiz. Bu Web Sitesine ba\u011fl\u0131 \u00fc\u00e7\u00fcnc\u00fc taraf web sitelerinden herhangi birine eri\u015fmeye karar verirseniz, bunu tamamen kendi sorumlulu\u011funuzda ve s\u00f6z konusu web sitelerinin kullan\u0131m h\u00fck\u00fcm ve ko\u015fullar\u0131na tabi olarak yapars\u0131n\u0131z.<\/p>\n\n\n\n<h4 class=\"wp-block-heading\">GARANTI\u0307LERI\u0307N REDDI\u0307<\/h4>\n\n\n\n<p>WEB SI\u0307TESI\u0307NI\u0307, I\u0307\u00c7ERI\u0307\u011eI\u0307NI\u0307 VE WEB SI\u0307TESI\u0307 ARACILI\u011eIYLA ELDE EDI\u0307LEN HI\u0307ZMETLERI\u0307 VEYA \u00d6\u011eELERI\u0307 KULLANMANIZIN RI\u0307SKI\u0307 SI\u0307ZE AI\u0307TTI\u0307R. WEB SI\u0307TESI\u0307, I\u0307\u00c7ERI\u0307\u011eI\u0307 VE WEB SI\u0307TESI\u0307 ARACILI\u011eIYLA ELDE EDI\u0307LEN HI\u0307ZMETLER, A\u00c7IK VEYA ZIMNI\u0307 HERHANGI\u0307 BI\u0307R GARANTI\u0307 OLMAKSIZIN \"OLDU\u011eU GI\u0307BI\u0307\" ESASINA G\u00d6RE SUNULMAKTADIR. NE HENRY DE LA PAZ NE DE VILLA GRINGO PARADISE I\u0307LE I\u0307LI\u0307\u015eKI\u0307LI\u0307 HERHANGI\u0307 BI\u0307R KI\u0307\u015eI\u0307, WEB SI\u0307TESI\u0307NI\u0307N, I\u0307\u00c7ERI\u0307\u011eI\u0307NI\u0307N VEYA WEB SI\u0307TESI\u0307 ARACILI\u011eIYLA ELDE EDI\u0307LEN HI\u0307ZMETLERI\u0307N VEYA \u00d6\u011eELERI\u0307N DO\u011eRU, G\u00dcVENI\u0307LI\u0307R, HATASIZ VEYA KESI\u0307NTI\u0307SI\u0307Z OLACA\u011eINA, KUSURLARIN D\u00dcZELTI\u0307LECE\u011eI\u0307NE VEYA WEB SI\u0307TESI\u0307NI\u0307N VEYA ONU KULLANIMA SUNAN SUNUCUNUN VI\u0307R\u00dcS VEYA DI\u0307\u011eER ZARARLI BI\u0307LE\u015eENLERDEN ARINDIRILMI\u015e OLDU\u011eUNA DAI\u0307R HERHANGI\u0307 BI\u0307R GARANTI\u0307 VEYA BEYANDA BULUNMAZ.<\/p>\n\n\n\n<p>VILLA GRINGO PARADISE, TI\u0307CARI\u0307 ELVERI\u0307\u015eLI\u0307LI\u0307K, I\u0307HLAL ETMEME VE BELI\u0307RLI\u0307 BI\u0307R AMACA UYGUNLUK GARANTI\u0307LERI\u0307 DAHI\u0307L ANCAK BUNLARLA SINIRLI OLMAMAK \u00dcZERE, A\u00c7IK VEYA ZIMNI\u0307, YASAL VEYA BA\u015eKA T\u00dcRL\u00dc HER T\u00dcRL\u00dc GARANTI\u0307YI\u0307 REDDEDER.<\/p>\n\n\n\n<p>BU FERAGATNAMELER, Y\u00dcR\u00dcRL\u00dcKTEKI\u0307 YASALAR KAPSAMINDA HARI\u0307\u00c7 TUTULAMAYACAK VEYA SINIRLANDIRILAMAYACAK GARANTI\u0307LERI\u0307 ETKI\u0307LEMEZ.<\/p>\n\n\n\n<h4 class=\"wp-block-heading\">SORUMLULUK SINIRLAMASI<\/h4>\n\n\n\n<p>HI\u0307\u00c7BI\u0307R DURUMDA VILLA GRINGO PARADSIE VEYA VILLA GRINGO PARADISE I\u0307LE I\u0307LI\u0307\u015eKI\u0307LI\u0307 HERHANGI\u0307 BI\u0307R KI\u0307\u015eI\u0307, WEB SI\u0307TESI\u0307NI\u0307, WEB SI\u0307TESI\u0307NE BA\u011eLI WEB SI\u0307TELERI\u0307NI\u0307, WEB SI\u0307TESI\u0307NDEKI\u0307 VEYA BU T\u00dcR DI\u0307\u011eER WEB SI\u0307TELERI\u0307NDEKI\u0307 HERHANGI\u0307 BI\u0307R I\u0307\u00c7ERI\u0307\u011eI\u0307 VEYA WEB SI\u0307TESI\u0307 VEYA BU T\u00dcR DI\u0307\u011eER WEB SI\u0307TELERI\u0307 ARACILI\u011eIYLA ELDE EDI\u0307LEN HERHANGI\u0307 BI\u0307R HI\u0307ZMETI\u0307 KULLANMANIZDAN VEYA KULLANAMAMANIZDAN KAYNAKLANAN VEYA BUNLARLA BA\u011eLANTILI OLARAK ORTAYA \u00c7IKAN, GELI\u0307R KAYBI, KAR KAYBI, I\u0307\u015e KAYBI VEYA BEKLENEN TASARRUF KAYBI, KULLANIM KAYBI, I\u0307TI\u0307BAR KAYBI VEYA VERI\u0307 KAYBI DAHI\u0307L OLMAK \u00dcZERE DO\u011eRUDAN, DOLAYLI, \u00d6ZEL, ARIZI\u0307, SONU\u00c7SAL VEYA CEZAI\u0307 ZARARLAR DAHI\u0307L OLMAK \u00dcZERE, HERHANGI\u0307 BI\u0307R YASAL TEORI\u0307 KAPSAMINDA HERHANGI\u0307 BI\u0307R ZARARDAN SORUMLU TUTULAMAZ.<\/p>\n\n\n\n<p>BU SINIRLAMALAR, Y\u00dcR\u00dcRL\u00dcKTEKI\u0307 YASALAR KAPSAMINDA HARI\u0307\u00c7 TUTULAMAYACAK VEYA SINIRLANDIRILAMAYACAK HERHANGI\u0307 BI\u0307R Y\u00dcK\u00dcML\u00dcL\u00dc\u011e\u00dc ETKI\u0307LEMEZ.<\/p>\n\n\n\n<h4 class=\"wp-block-heading\">TAZM\u0130NAT<\/h4>\n\n\n\n<p>Villa Gringo Paradise ve ba\u011fl\u0131 kurulu\u015flar\u0131n\u0131 ve bunlar\u0131n ilgili memurlar\u0131n\u0131, y\u00f6neticilerini, \u00e7al\u0131\u015fanlar\u0131n\u0131, y\u00fcklenicilerini, acentelerini, lisans verenlerini, haleflerini ve devralanlar\u0131n\u0131, bu H\u00fck\u00fcm ve Ko\u015fullar\u0131 ihlal etmenizden veya Web Sitesinden elde edilen herhangi bir bilgiyi kullanman\u0131zdan kaynaklanan veya bunlarla ba\u011flant\u0131l\u0131 olarak ortaya \u00e7\u0131kan her t\u00fcrl\u00fc iddia, y\u00fck\u00fcml\u00fcl\u00fck, hasar, karar, \u00f6d\u00fcl, kay\u0131p, maliyet, masraf veya \u00fccrete (makul avukat \u00fccretleri ve di\u011fer yasal maliyetler dahil) kar\u015f\u0131 savunmay\u0131, tazmin etmeyi ve zarars\u0131z tutmay\u0131 kabul edersiniz.<\/p>\n\n\n\n<h4 class=\"wp-block-heading\">FERAGAT VE B\u00d6L\u00dcNEBI\u0307LI\u0307RLI\u0307K<\/h4>\n\n\n\n<p>Villa Gringo Paradise'\u0131n bu H\u00fck\u00fcm ve Ko\u015fullarda belirtilen herhangi bir \u015fart veya ko\u015fuldan feragat etmesi, s\u00f6z konusu \u015fart veya ko\u015fuldan daha fazla veya devam eden bir feragat veya ba\u015fka bir \u015fart veya ko\u015fuldan feragat etti\u011fi anlam\u0131na gelmez ve Villa Gringo Paradise'\u0131n bu H\u00fck\u00fcm ve Ko\u015fullar kapsam\u0131nda bir hak veya h\u00fck\u00fcm ileri s\u00fcrmemesi, s\u00f6z konusu hak veya h\u00fck\u00fcmden feragat te\u015fkil etmez.<\/p>\n\n\n\n<p>Bu H\u00fck\u00fcm ve Ko\u015fullar\u0131n herhangi bir h\u00fckm\u00fcn\u00fcn bir mahkeme veya ba\u015fka bir yetkili yarg\u0131 mercii taraf\u0131ndan herhangi bir nedenle ge\u00e7ersiz, yasad\u0131\u015f\u0131 veya uygulanamaz oldu\u011funa karar verilirse, s\u00f6z konusu h\u00fck\u00fcm, H\u00fck\u00fcm ve Ko\u015fullar\u0131n geri kalan h\u00fck\u00fcmleri tam olarak y\u00fcr\u00fcrl\u00fckte kalmaya devam edecek \u015fekilde m\u00fcmk\u00fcn olan en az \u00f6l\u00e7\u00fcde ortadan kald\u0131r\u0131lacak veya s\u0131n\u0131rland\u0131r\u0131lacakt\u0131r.<\/p>\n\n\n\n<h4 class=\"wp-block-heading\">I\u0307LERI\u0307YE D\u00d6N\u00dcK BEYANLARA I\u0307LI\u0307\u015eKI\u0307N UYARICI DI\u0307L<\/h4>\n\n\n\n<p>Bu Web Sitesi, ABD Federal Menkul K\u0131ymetler Yasalar\u0131 kapsam\u0131nda tan\u0131mland\u0131\u011f\u0131 \u00fczere \"ileriye d\u00f6n\u00fck beyanlar\" i\u00e7erebilir. Bu ifadeler, gelecekteki sonu\u00e7lara ili\u015fkin tahminlere ve hen\u00fcz belirlenemeyen tutarlara ili\u015fkin tahminlere dayanan analizler ve di\u011fer bilgilerle ilgili olabilir. Bu beyanlar ayr\u0131ca gelecekteki beklentilerimiz, geli\u015fmelerimiz ve i\u015f stratejilerimizle de ilgili olabilir. Bu ileriye d\u00f6n\u00fck beyanlar, y\u00f6netimimizin gelecekte bizi etkileyecek olaylara ili\u015fkin beklenti ve inan\u00e7lar\u0131na dayan\u0131larak yap\u0131lm\u0131\u015ft\u0131r ve faaliyetlerimiz ve i\u015f ortam\u0131m\u0131zla ilgili, tahmin edilmesi zor ve bir\u00e7o\u011fu kontrol\u00fcm\u00fcz d\u0131\u015f\u0131nda olan belirsizliklere ve fakt\u00f6rlere tabidir. Bu belirsizlikler ve fakt\u00f6rler, ger\u00e7ek sonu\u00e7lar\u0131m\u0131z\u0131n bu ileriye d\u00f6n\u00fck beyanlarda ifade edilen veya ima edilen hususlardan \u00f6nemli \u00f6l\u00e7\u00fcde farkl\u0131 olmas\u0131na neden olabilir. \u0130leriye d\u00f6n\u00fck ifadeler yaln\u0131zca ifadelerin yap\u0131ld\u0131\u011f\u0131 tarih itibariyle konu\u015fur. Villa Gringo Paradise, y\u00fcr\u00fcrl\u00fckteki menkul k\u0131ymetler yasalar\u0131n\u0131n gerektirdi\u011fi durumlar haricinde, ger\u00e7ek sonu\u00e7lar\u0131, varsay\u0131mlardaki de\u011fi\u015fiklikleri veya ileriye d\u00f6n\u00fck bilgileri etkileyen di\u011fer fakt\u00f6rlerdeki de\u011fi\u015fiklikleri yans\u0131tmak i\u00e7in ileriye d\u00f6n\u00fck beyanlar\u0131 g\u00fcncelleme y\u00fck\u00fcml\u00fcl\u00fc\u011f\u00fcn\u00fc kabul etmez.<\/p>\n\n\n\n<h4 class=\"wp-block-heading\">YARGI<\/h4>\n\n\n\n<p>Villa Gringo Paradise, bu Web Sitesini Amerika Birle\u015fik Devletleri'ndeki San Antonio, Teksas'tan y\u00f6netir ve s\u00fcrd\u00fcr\u00fcr. Web Sitesi ve bu H\u00fck\u00fcm ve Ko\u015fullarla ilgili herhangi bir ihtilaf veya iddia, herhangi bir se\u00e7im veya kanun h\u00fckm\u00fc veya kural\u0131 (Teksas Eyaleti veya ba\u015fka bir yarg\u0131 yetkisi) y\u00fcr\u00fcrl\u00fc\u011fe girmeden Teksas Eyaleti yasalar\u0131na tabi olacakt\u0131r.<\/p>\n\n\n\n<p>Bu H\u00fck\u00fcm ve Ko\u015fullardan veya Web Sitesinden kaynaklanan veya bunlarla ilgili olan herhangi bir yasal dava, eylem veya i\u015flem, yaln\u0131zca Amerika Birle\u015fik Devletleri federal mahkemelerinde veya her durumda San Antonio \u015eehrinde bulunan Teksas Eyaleti mahkemelerinde ba\u015flat\u0131lacakt\u0131r. Bu mahkemelerin sizin \u00fczerinizde yarg\u0131 yetkisi kullanmas\u0131na ve bu mahkemelerin yetkili olmas\u0131na y\u00f6nelik her t\u00fcrl\u00fc itirazdan feragat edersiniz.<\/p>\n\n\n\n<h4 class=\"wp-block-heading\">T\u00dcM ANLA\u015eMA<\/h4>\n\n\n\n<p>H\u00fck\u00fcm ve Ko\u015fullar ve Gizlilik Politikas\u0131, Web Sitesi ile ilgili olarak sizinle Villa Gringo Paradise aras\u0131ndaki tek ve t\u00fcm anla\u015fmay\u0131 olu\u015fturur ve hem yaz\u0131l\u0131 hem de s\u00f6zl\u00fc olarak \u00f6nceki t\u00fcm anlay\u0131\u015flar\u0131n, anla\u015fmalar\u0131n, beyanlar\u0131n ve garantilerin yerine ge\u00e7er.<\/p>","protected":false},"excerpt":{"rendered":"<p>Updated August 29, 2023 This website is operated by Villa Gringo Paradise on behalf of ourselves, our group companies, international partnerships and affiliated organizations (\u201cwe\u201d, \u201cour\u201d or \u201cus\u201d). ACCEPTANCE OF TERMS The following terms and condtions (\u201cTerms And Conditions\u201d) govern your access to and use of this website and the related mobile applications provided by [&hellip;]<\/p>\n","protected":false},"author":1,"featured_media":0,"parent":0,"menu_order":0,"comment_status":"closed","ping_status":"closed","template":"","meta":{"footnotes":""},"class_list":["post-985","page","type-page","status-publish","hentry"],"_links":{"self":[{"href":"https:\/\/villagringo.com\/tr\/wp-json\/wp\/v2\/pages\/985","targetHints":{"allow":["GET"]}}],"collection":[{"href":"https:\/\/villagringo.com\/tr\/wp-json\/wp\/v2\/pages"}],"about":[{"href":"https:\/\/villagringo.com\/tr\/wp-json\/wp\/v2\/types\/page"}],"author":[{"embeddable":true,"href":"https:\/\/villagringo.com\/tr\/wp-json\/wp\/v2\/users\/1"}],"replies":[{"embeddable":true,"href":"https:\/\/villagringo.com\/tr\/wp-json\/wp\/v2\/comments?post=985"}],"version-history":[{"count":0,"href":"https:\/\/villagringo.com\/tr\/wp-json\/wp\/v2\/pages\/985\/revisions"}],"wp:attachment":[{"href":"https:\/\/villagringo.com\/tr\/wp-json\/wp\/v2\/media?parent=985"}],"curies":[{"name":"wp","href":"https:\/\/api.w.org\/{rel}","templated":true}]}}